{"id":1026,"date":"2023-11-01T12:32:18","date_gmt":"2023-11-01T12:32:18","guid":{"rendered":"https:\/\/www.cargus.ro\/cz\/?page_id=1026"},"modified":"2024-09-26T09:08:40","modified_gmt":"2024-09-26T09:08:40","slug":"index-paliva","status":"publish","type":"page","link":"https:\/\/www.cargus.ro\/cz\/index-paliva\/","title":{"rendered":"INDEX PALIVA"},"content":{"rendered":"<p>[vc_row el_class=&#8220;index_fuel&#8220;][vc_column][vc_column_text]<\/p>\n<p class=\"kt-adv-heading16602_46d503-33 wp-block-kadence-advancedheading has-kb-palette-2-color has-text-color\" data-kb-block=\"kb-adv-heading16602_46d503-33\"><span class=\"TextRun SCXW231590523 BCX0\" lang=\"RO-RO\" xml:lang=\"RO-RO\" data-contrast=\"auto\"><span class=\"NormalTextRun SCXW231590523 BCX0\">Cargus <\/span><span class=\"NormalTextRun SpellingErrorV2Themed SCXW231590523 BCX0\">uplat\u0148uje<\/span> <span class=\"NormalTextRun SpellingErrorV2Themed SCXW231590523 BCX0\">palivov\u00fd<\/span><span class=\"NormalTextRun SCXW231590523 BCX0\"> index, <\/span><span class=\"NormalTextRun SpellingErrorV2Themed SCXW231590523 BCX0\">kter\u00fd<\/span> <span class=\"NormalTextRun SpellingErrorV2Themed SCXW231590523 BCX0\">je<\/span> <span class=\"NormalTextRun SpellingErrorV2Themed SCXW231590523 BCX0\">ur\u010den<\/span> <span class=\"NormalTextRun SpellingErrorV2Themed SCXW231590523 BCX0\">pr\u016fm\u011brnou<\/span> <span class=\"NormalTextRun SpellingErrorV2Themed SCXW231590523 BCX0\">cenou<\/span> <span class=\"NormalTextRun SpellingErrorV2Themed SCXW231590523 BCX0\">nafty<\/span><span class=\"NormalTextRun SCXW231590523 BCX0\"> v <\/span><span class=\"NormalTextRun SpellingErrorV2Themed SCXW231590523 BCX0\">p\u0159edchoz\u00edm<\/span> <span class=\"NormalTextRun SpellingErrorV2Themed SCXW231590523 BCX0\">m\u011bs\u00edci<\/span><span class=\"NormalTextRun SCXW231590523 BCX0\">, <\/span><span class=\"NormalTextRun SpellingErrorV2Themed SCXW231590523 BCX0\">podle<\/span> <span class=\"NormalTextRun SpellingErrorV2Themed SCXW231590523 BCX0\">webov\u00e9<\/span> <span class=\"NormalTextRun SpellingErrorV2Themed SCXW231590523 BCX0\">str\u00e1nky<\/span><span class=\"NormalTextRun SCXW231590523 BCX0\"><a href=\"https:\/\/www.peco-online.ro\/istoric.php\"> https:\/\/www.peco-online.ro\/istoric.php<\/a> a <\/span><span class=\"NormalTextRun SpellingErrorV2Themed SCXW231590523 BCX0\">n\u00ed\u017ee<\/span> <span class=\"NormalTextRun SpellingErrorV2Themed SCXW231590523 BCX0\">uveden\u00e9<\/span> <span class=\"NormalTextRun SpellingErrorV2Themed SCXW231590523 BCX0\">tabulky<\/span><span class=\"NormalTextRun SCXW231590523 BCX0\">.<\/span><\/span><span class=\"EOP SCXW231590523 BCX0\" data-ccp-props=\"{&quot;201341983&quot;:0,&quot;335559739&quot;:160,&quot;335559740&quot;:259}\">\u00a0<\/span><\/p>\n<p><span data-contrast=\"auto\">Pr\u016fm\u011brn\u00e1 cena nafty za B\u0159ezen  byla: 7.67 RON (bez DPH)<\/span><span data-ccp-props=\"{&quot;201341983&quot;:0,&quot;335559739&quot;:160,&quot;335559740&quot;:259}\">\u00a0<\/span><\/p>\n<p><strong>P\u0159\u00edslu\u0161n\u00fd palivov\u00fd p\u0159\u00edplatek pro Duben  je: 16.40 %\u00a0<\/strong>[\/vc_column_text][vc_raw_html]JTNDc3R5bGUlM0UlMEF0YWJsZS5pbmRleC1jb21idXNpdGJpbCUyMHRkJTdCJTBBJTIwJTIwYm9yZGVyLWJvdHRvbSUzQSUyMDFweCUyMHNvbGlkJTIwJTIzZGRkJTNCJTBBJTIwJTIwJTIwJTIwcGFkZGluZyUzQSUyMDEwcHglM0IlMEElN0QlMEElMEF0YWJsZS5pbmRleC1jb21idXNpdGJpbCUyMHRyJTNBbGFzdC1jaGlsZCUyMHRkJTdCJTBBJTIwJTIwYm9yZGVyLWJvdHRvbSUzQSUyMG5vbmUlM0IlMEElN0QlMEEudHJtZF9ib2xkJTIwdGQlMjAlN0IlMEElMjAlMjBmb250LXdlaWdodCUzQSUyMDcwMCUzQiUwQSU3RCUwQSU0MG1lZGlhJTIwJTI4bWF4LXdpZHRoJTNBJTIwNzY4cHglMjklMjAlN0IlMEElMjB0YWJsZS5pbmRleC1jb21idXNpdGJpbCUyMCU3QiUwQSUyMCUyMCUyMGRpc3BsYXklM0ElMjBibG9jayUzQiUwQSUyMCUyMCUyMCUyMG92ZXJmbG93LXglM0ElMjBhdXRvJTNCJTBBJTIwJTIwJTdEJTBBJTdEJTBBJTNDJTJGc3R5bGUlM0UlMEElM0NzY3JpcHQlM0UlMEFqUXVlcnklMjhkb2N1bWVudCUyOS5yZWFkeSUyOGZ1bmN0aW9uJTI4JTI0JTI5JTdCJTBBbGV0JTIwZnVlbF9pbmRleCUyMCUzRCUyMCUyNCUyOCUyN3RhYmxlLmluZGV4LWNvbWJ1c2l0YmlsJTI3JTI5LmF0dHIlMjglMjdmdWVsLWluZGV4LXZhbHVlJTI3JTI5JTNCJTBBJTI0JTI4JTI3dHIuZnVlbF9pbmRleCUyNyUyOS5lYWNoJTI4ZnVuY3Rpb24lMjglMjklN0IlMEElMjAlMjBpZiUyOCUyNCUyOHRoaXMlMjkuYXR0ciUyOCUyN2Z1ZWwtaW5kZXglMjclMjklMjAlM0QlM0QlMjBmdWVsX2luZGV4JTI5JTdCJTBBJTIwJTIwJTIwJTIwJTI0JTI4dGhpcyUyOS5hZGRDbGFzcyUyOCUyN3RybWRfYm9sZCUyNyUyOSUzQiUwQSUyMCUyMCU3RGVsc2UlN0IlMEElMjAlMjAlMjAlMjAlMjQlMjh0aGlzJTI5LnJlbW92ZUNsYXNzJTI4JTI3dHJtZF9ib2xkJTI3JTI5JTNCJTBBJTIwJTIwJTdEJTBBJTdEJTI5JTNCJTBBJTdEJTI5JTNCJTBBJTNDJTJGc2NyaXB0JTNFJTBBJTNDdGFibGUlMjBjbGFzcyUzRCUyN2luZGV4LWNvbWJ1c2l0YmlsJTI3JTIwc3R5bGUlM0QlMjJmb250LXdlaWdodCUzQSUyMDQwMCUzQiUyMHdpZHRoJTNBMTAwJTI1JTNCJTIwYm9yZGVyJTNBMXB4JTIwc29saWQlMjAlMjNkZGQlM0IlMjBib3JkZXItcmFkaXVzJTNBOHB4JTNCJTIyJTIwZnVlbC1pbmRleC12YWx1ZSUzRCU1QmdldF9mdWVsX2luZGV4JTVEJTNFJTBBJTNDdGJvZHklM0UlMEElM0N0ciUzRSUwQSUzQ3RkJTIwY29sc3BhbiUzRCUyMjMlMjIlM0UlM0NzdHJvbmclM0VJbnRlcnZhbCUyMHByJUM1JUFGbSVDNCU5QnJuJUMzJUE5JTIwY2VueSUyMG5hZnR5JTIwJTI4YmV6JTIwRFBIJTI5JTNDJTJGc3Ryb25nJTNFJTNDJTJGdGQlM0UlMEElM0MlMkZ0ciUzRSUwQSUzQ3RyJTNFJTBBJTNDdGQlMjB3aWR0aCUzRCUyMjI1JTI1JTIyJTNFJTNDc3Ryb25nJTNFT2QlM0MlMkZzdHJvbmclM0UlM0MlMkZ0ZCUzRSUwQSUzQ3RkJTIwd2lkdGglM0QlMjIyNSUyNSUyMiUzRSUzQ3N0cm9uZyUzRURvJTNDJTJGc3Ryb25nJTNFJTNDJTJGdGQlM0UlMEElM0N0ZCUyMHdpZHRoJTNEJTIyNTAlMjUlMjIlM0UlM0NzdHJvbmclM0VQYWxpdm92JUMzJUJEJTIwcCVDNSU5OSVDMyVBRHBsYXRlayUyMCVDMyVCQSVDNCU4RHRvdmFuJUMzJUJEJTIweiVDMyVBMWthem4lQzMlQURrb3ZpJTIwJTI4RlNDJTI5JTNDJTJGc3Ryb25nJTNFJTNDJTJGdGQlM0UlMEElM0MlMkZ0ciUzRSUwQSUzQ3RyJTIwY2xhc3MlM0QlMjJmdWVsX2luZGV4JTIyJTIwZnVlbC1pbmRleCUzRCUyMjAuODAlMjIlM0UlMEElM0N0ZCUzRTAuMDAwJTNDJTJGdGQlM0UlMEElM0N0ZCUzRTMuOTk5JTNDJTJGdGQlM0UlMEElM0N0ZCUzRTAuODAlMjUlM0MlMkZ0ZCUzRSUwQSUzQyUyRnRyJTNFJTBBJTNDdHIlMjBjbGFzcyUzRCUyMmZ1ZWxfaW5kZXglMjIlMjBmdWVsLWluZGV4JTNEJTIyMS4wMCUyMiUzRSUwQSUzQ3RkJTNFNC4wMDAlM0MlMkZ0ZCUzRSUwQSUzQ3RkJTNFNC4xOTklM0MlMkZ0ZCUzRSUwQSUzQ3RkJTNFMS4wMCUyNSUzQyUyRnRkJTNFJTBBJTNDJTJGdHIlM0UlMEElM0N0ciUyMGNsYXNzJTNEJTIyZnVlbF9pbmRleCUyMiUyMGZ1ZWwtaW5kZXglM0QlMjIxLjIwJTIyJTNFJTBBJTNDdGQlM0U0LjIwMCUzQyUyRnRkJTNFJTBBJTNDdGQlM0U0LjM5OSUzQyUyRnRkJTNFJTBBJTNDdGQlM0UxLjIwJTI1JTNDJTJGdGQlM0UlMEElM0MlMkZ0ciUzRSUwQSUzQ3RyJTIwY2xhc3MlM0QlMjJmdWVsX2luZGV4JTIyJTIwZnVlbC1pbmRleCUzRCUyMjEuNDAlMjIlM0UlMEElM0N0ZCUzRTQuNDAwJTNDJTJGdGQlM0UlMEElM0N0ZCUzRTQuNTk5JTNDJTJGdGQlM0UlMEElM0N0ZCUzRTEuNDAlMjUlM0MlMkZ0ZCUzRSUwQSUzQyUyRnRyJTNFJTBBJTNDdHIlMjBjbGFzcyUzRCUyMmZ1ZWxfaW5kZXglMjIlMjBmdWVsLWluZGV4JTNEJTIyMS42MCUyMiUzRSUwQSUzQ3RkJTNFNC42MDAlM0MlMkZ0ZCUzRSUwQSUzQ3RkJTNFNC43OTklM0MlMkZ0ZCUzRSUwQSUzQ3RkJTNFMS42MCUyNSUzQyUyRnRkJTNFJTBBJTNDJTJGdHIlM0UlMEElM0N0ciUyMGNsYXNzJTNEJTIyZnVlbF9pbmRleCUyMiUyMGZ1ZWwtaW5kZXglM0QlMjIxLjgwJTIyJTNFJTBBJTNDdGQlM0U0LjgwMCUzQyUyRnRkJTNFJTBBJTNDdGQlM0U0Ljk5OSUzQyUyRnRkJTNFJTBBJTNDdGQlM0UxLjgwJTI1JTNDJTJGdGQlM0UlMEElM0MlMkZ0ciUzRSUwQSUzQ3RyJTIwY2xhc3MlM0QlMjJmdWVsX2luZGV4JTIyJTIwZnVlbC1pbmRleCUzRCUyMjIuMjAlMjIlM0UlMEElM0N0ZCUzRTUuMDAwJTNDJTJGdGQlM0UlMEElM0N0ZCUzRTUuMTk5JTNDJTJGdGQlM0UlMEElM0N0ZCUzRTIuMjAlMjUlM0MlMkZ0ZCUzRSUwQSUzQyUyRnRyJTNFJTBBJTNDdHIlMjBjbGFzcyUzRCUyMmZ1ZWxfaW5kZXglMjIlMjBmdWVsLWluZGV4JTNEJTIyMi42MCUyMiUzRSUwQSUzQ3RkJTNFNS4yMDAlM0MlMkZ0ZCUzRSUwQSUzQ3RkJTNFNS4zOTklM0MlMkZ0ZCUzRSUwQSUzQ3RkJTNFMi42MCUyNSUzQyUyRnRkJTNFJTBBJTNDJTJGdHIlM0UlMEElM0N0ciUyMGNsYXNzJTNEJTIyZnVlbF9pbmRleCUyMiUyMGZ1ZWwtaW5kZXglM0QlMjIzLjAwJTIyJTNFJTBBJTNDdGQlM0U1LjQwMCUzQyUyRnRkJTNFJTBBJTNDdGQlM0U1LjU5OSUzQyUyRnRkJTNFJTBBJTNDdGQlM0UzLjAwJTI1JTNDJTJGdGQlM0UlMEElM0MlMkZ0ciUzRSUwQSUzQ3RyJTIwY2xhc3MlM0QlMjJmdWVsX2luZGV4JTIyJTIwZnVlbC1pbmRleCUzRCUyMjMuODAlMjIlM0UlMEElM0N0ZCUzRTUuNjAwJTNDJTJGdGQlM0UlMEElM0N0ZCUzRTUuNzk5JTNDJTJGdGQlM0UlMEElM0N0ZCUzRTMuODAlMjUlM0MlMkZ0ZCUzRSUwQSUzQyUyRnRyJTNFJTBBJTNDdHIlMjBjbGFzcyUzRCUyMmZ1ZWxfaW5kZXglMjIlMjBmdWVsLWluZGV4JTNEJTIyNC43MCUyMiUzRSUwQSUzQ3RkJTNFNS44MDAlM0MlMkZ0ZCUzRSUwQSUzQ3RkJTNFNS45OTklM0MlMkZ0ZCUzRSUwQSUzQ3RkJTNFNC43MCUyNSUzQyUyRnRkJTNFJTBBJTNDJTJGdHIlM0UlMEElM0N0ciUyMGNsYXNzJTNEJTIyZnVlbF9pbmRleCUyMiUyMGZ1ZWwtaW5kZXglM0QlMjI1LjYwJTIyJTNFJTBBJTNDdGQlM0U2LjAwMCUzQyUyRnRkJTNFJTBBJTNDdGQlM0U2LjE5OSUzQyUyRnRkJTNFJTBBJTNDdGQlM0U1LjYwJTI1JTNDJTJGdGQlM0UlMEElM0MlMkZ0ciUzRSUwQSUzQ3RyJTIwY2xhc3MlM0QlMjJmdWVsX2luZGV4JTIyJTIwZnVlbC1pbmRleCUzRCUyMjYuNTAlMjIlM0UlMEElM0N0ZCUzRTYuMjAwJTNDJTJGdGQlM0UlMEElM0N0ZCUzRTYuMzk5JTNDJTJGdGQlM0UlMEElM0N0ZCUzRTYuNTAlMjUlM0MlMkZ0ZCUzRSUwQSUzQyUyRnRyJTNFJTBBJTNDdHIlMjBjbGFzcyUzRCUyMmZ1ZWxfaW5kZXglMjIlMjBmdWVsLWluZGV4JTNEJTIyNy40MCUyMiUzRSUwQSUzQ3RkJTNFNi40MDAlM0MlMkZ0ZCUzRSUwQSUzQ3RkJTNFNi41OTklM0MlMkZ0ZCUzRSUwQSUzQ3RkJTNFNy40MCUyNSUzQyUyRnRkJTNFJTBBJTNDJTJGdHIlM0UlMEElM0N0ciUyMGNsYXNzJTNEJTIyZnVlbF9pbmRleCUyMiUyMGZ1ZWwtaW5kZXglM0QlMjI4LjMwJTIyJTNFJTBBJTNDdGQlM0U2LjYwMCUzQyUyRnRkJTNFJTBBJTNDdGQlM0U2Ljc5OSUzQyUyRnRkJTNFJTBBJTNDdGQlM0U4LjMwJTI1JTNDJTJGdGQlM0UlMEElM0MlMkZ0ciUzRSUwQSUzQ3RyJTIwY2xhc3MlM0QlMjJmdWVsX2luZGV4JTIyJTIwZnVlbC1pbmRleCUzRCUyMjkuMjAlMjIlM0UlMEElM0N0ZCUzRTYuODAwJTNDJTJGdGQlM0UlMEElM0N0ZCUzRTYuOTk5JTNDJTJGdGQlM0UlMEElM0N0ZCUzRTkuMjAlMjUlM0MlMkZ0ZCUzRSUwQSUzQyUyRnRyJTNFJTBBJTNDdHIlMjBjbGFzcyUzRCUyMmZ1ZWxfaW5kZXglMjIlMjBmdWVsLWluZGV4JTNEJTIyMTAuMTAlMjIlM0UlMEElM0N0ZCUzRTcuMDAwJTNDJTJGdGQlM0UlMEElM0N0ZCUzRTcuMTk5JTNDJTJGdGQlM0UlMEElM0N0ZCUzRTEwLjEwJTI1JTNDJTJGdGQlM0UlMEElM0MlMkZ0ciUzRSUwQSUzQ3RyJTIwY2xhc3MlM0QlMjJmdWVsX2luZGV4JTIyJTIwZnVlbC1pbmRleCUzRCUyMjExLjAwJTIyJTNFJTBBJTNDdGQlM0U3LjIwMCUzQyUyRnRkJTNFJTBBJTNDdGQlM0U3LjM5OSUzQyUyRnRkJTNFJTBBJTNDdGQlM0UxMS4wMCUyNSUzQyUyRnRkJTNFJTBBJTNDJTJGdHIlM0UlMEElM0N0ciUyMGNsYXNzJTNEJTIyZnVlbF9pbmRleCUyMiUyMGZ1ZWwtaW5kZXglM0QlMjIxMS45MCUyMiUzRSUwQSUzQ3RkJTNFNy40MDAlM0MlMkZ0ZCUzRSUwQSUzQ3RkJTNFNy41OTklM0MlMkZ0ZCUzRSUwQSUzQ3RkJTNFMTEuOTAlMjUlM0MlMkZ0ZCUzRSUwQSUzQyUyRnRyJTNFJTBBJTNDdHIlMjBjbGFzcyUzRCUyMmZ1ZWxfaW5kZXglMjIlMjBmdWVsLWluZGV4JTNEJTIyMTIuODAlMjIlM0UlMEElM0N0ZCUzRTcuNjAwJTNDJTJGdGQlM0UlMEElM0N0ZCUzRTcuNzk5JTNDJTJGdGQlM0UlMEElM0N0ZCUzRTEyLjgwJTI1JTNDJTJGdGQlM0UlMEElM0MlMkZ0ciUzRSUwQSUzQ3RyJTIwY2xhc3MlM0QlMjJmdWVsX2luZGV4JTIyJTIwZnVlbC1pbmRleCUzRCUyMjEzLjcwJTIyJTNFJTBBJTNDdGQlM0U3LjgwMCUzQyUyRnRkJTNFJTBBJTNDdGQlM0U3Ljk5OSUzQyUyRnRkJTNFJTBBJTNDdGQlM0UxMy43MCUyNSUzQyUyRnRkJTNFJTBBJTNDJTJGdHIlM0UlMEElM0N0ciUyMGNsYXNzJTNEJTIyZnVlbF9pbmRleCUyMiUyMGZ1ZWwtaW5kZXglM0QlMjIxNC42MCUyMiUzRSUwQSUzQ3RkJTNFOC4wMDAlM0MlMkZ0ZCUzRSUwQSUzQ3RkJTNFOC4xOTklM0MlMkZ0ZCUzRSUwQSUzQ3RkJTNFMTQuNjAlMjUlM0MlMkZ0ZCUzRSUwQSUzQyUyRnRyJTNFJTBBJTNDdHIlMjBjbGFzcyUzRCUyMmZ1ZWxfaW5kZXglMjIlMjBmdWVsLWluZGV4JTNEJTIyMTUuNTAlMjIlM0UlMEElM0N0ZCUzRTguMjAwJTNDJTJGdGQlM0UlMEElM0N0ZCUzRTguMzk5JTNDJTJGdGQlM0UlMEElM0N0ZCUzRTE1LjUwJTI1JTNDJTJGdGQlM0UlMEElM0MlMkZ0ciUzRSUwQSUzQ3RyJTIwY2xhc3MlM0QlMjJmdWVsX2luZGV4JTIyJTIwZnVlbC1pbmRleCUzRCUyMjE2LjQwJTIyJTNFJTBBJTNDdGQlM0U4LjQwMCUzQyUyRnRkJTNFJTBBJTNDdGQlM0U4LjU5OSUzQyUyRnRkJTNFJTBBJTNDdGQlM0UxNi40MCUyNSUzQyUyRnRkJTNFJTBBJTNDJTJGdHIlM0UlMEElM0N0ciUyMGNsYXNzJTNEJTIyZnVlbF9pbmRleCUyMiUyMGZ1ZWwtaW5kZXglM0QlMjIxNy4zMCUyMiUzRSUwQSUzQ3RkJTNFOC42MDAlM0MlMkZ0ZCUzRSUwQSUzQ3RkJTNFOC43OTklM0MlMkZ0ZCUzRSUwQSUzQ3RkJTNFMTcuMzAlMjUlM0MlMkZ0ZCUzRSUwQSUzQyUyRnRyJTNFJTBBJTNDdHIlMjBjbGFzcyUzRCUyMmZ1ZWxfaW5kZXglMjIlMjBmdWVsLWluZGV4JTNEJTIyMTguMjAlMjIlM0UlMEElM0N0ZCUzRTguODAwJTNDJTJGdGQlM0UlMEElM0N0ZCUzRTguOTk5JTNDJTJGdGQlM0UlMEElM0N0ZCUzRTE4LjIwJTI1JTNDJTJGdGQlM0UlMEElM0MlMkZ0ciUzRSUwQSUzQ3RyJTIwY2xhc3MlM0QlMjJmdWVsX2luZGV4JTIyJTIwZnVlbC1pbmRleCUzRCUyMjE5LjEwJTIyJTNFJTBBJTNDdGQlM0U5LjAwMCUzQyUyRnRkJTNFJTBBJTNDdGQlM0U5LjE5OSUzQyUyRnRkJTNFJTBBJTNDdGQlM0UxOS4xMCUyNSUzQyUyRnRkJTNFJTBBJTNDJTJGdHIlM0UlMEElM0N0ciUyMGNsYXNzJTNEJTIyZnVlbF9pbmRleCUyMiUyMGZ1ZWwtaW5kZXglM0QlMjIyMC4wMCUyMiUzRSUwQSUzQ3RkJTNFOS4yMDAlM0MlMkZ0ZCUzRSUwQSUzQ3RkJTNFOS4zOTklM0MlMkZ0ZCUzRSUwQSUzQ3RkJTNFMjAuMDAlMjUlM0MlMkZ0ZCUzRSUwQSUzQyUyRnRyJTNFJTBBJTNDdHIlMjBjbGFzcyUzRCUyMmZ1ZWxfaW5kZXglMjIlMjBmdWVsLWluZGV4JTNEJTIyMjAuOTAlMjIlM0UlMEElM0N0ZCUzRTkuNDAwJTNDJTJGdGQlM0UlMEElM0N0ZCUzRTkuNTk5JTNDJTJGdGQlM0UlMEElM0N0ZCUzRTIwLjkwJTI1JTNDJTJGdGQlM0UlMEElM0MlMkZ0ciUzRSUwQSUzQ3RyJTIwY2xhc3MlM0QlMjJmdWVsX2luZGV4JTIyJTIwZnVlbC1pbmRleCUzRCUyMjIxLjgwJTIyJTNFJTBBJTNDdGQlM0U5LjYwMCUzQyUyRnRkJTNFJTBBJTNDdGQlM0U5Ljc5OSUzQyUyRnRkJTNFJTBBJTNDdGQlM0UyMS44MCUyNSUzQyUyRnRkJTNFJTBBJTNDJTJGdHIlM0UlMEElM0N0ciUyMGNsYXNzJTNEJTIyZnVlbF9pbmRleCUyMiUyMGZ1ZWwtaW5kZXglM0QlMjIyMi43MCUyMiUzRSUwQSUzQ3RkJTNFOS44MDAlM0MlMkZ0ZCUzRSUwQSUzQ3RkJTNFOS45OTklM0MlMkZ0ZCUzRSUwQSUzQ3RkJTNFMjIuNzAlMjUlM0MlMkZ0ZCUzRSUwQSUzQyUyRnRyJTNFJTBBJTNDdHIlMjBjbGFzcyUzRCUyMmZ1ZWxfaW5kZXglMjIlMjBmdWVsLWluZGV4JTNEJTIyMjMuNjAlMjIlM0UlMEElM0N0ZCUzRTEwLjAwMCUzQyUyRnRkJTNFJTBBJTNDdGQlM0UxMC4xOTklM0MlMkZ0ZCUzRSUwQSUzQ3RkJTNFMjMuNjAlMjUlM0MlMkZ0ZCUzRSUwQSUzQyUyRnRyJTNFJTBBJTNDJTJGdGJvZHklM0UlMEElM0MlMkZ0YWJsZSUzRQ==[\/vc_raw_html][vc_column_text]<\/p>\n<p class=\"kt-adv-heading16602_cc4e6e-af wp-block-kadence-advancedheading has-kb-palette-2-color has-text-color\" data-kb-block=\"kb-adv-heading16602_cc4e6e-af\"><strong><span class=\"TextRun SCXW154763069 BCX0\" lang=\"RO-RO\" xml:lang=\"RO-RO\" data-contrast=\"auto\"><span class=\"NormalTextRun SpellingErrorV2Themed SCXW154763069 BCX0\">Palivov\u00fd<\/span> <span class=\"NormalTextRun SpellingErrorV2Themed SCXW154763069 BCX0\">p\u0159\u00edplatek<\/span><span class=\"NormalTextRun SCXW154763069 BCX0\">:<\/span><\/span><\/strong><\/p>\n<p>\u2022 bude aktualizov\u00e1n v prvn\u00edch 3 pracovn\u00edch dnech m\u011bs\u00edce a plat\u00ed do konce m\u011bs\u00edce<br \/>\n\u2022 plat\u00ed pro vnitrost\u00e1tn\u00ed a mezin\u00e1rodn\u00ed kur\u00fdrn\u00ed a dopravn\u00ed slu\u017eby za\u0159azen\u00e9 v seznamu z\u00e1kladn\u00edch sazeb platn\u00fdch podle p\u0159\u00edslu\u0161n\u00e9 smlouvy nebo obchodn\u00ed nab\u00eddky, stejn\u011b jako na v\u0161echny p\u0159\u00edplatkov\u00e9 slu\u017eby uveden\u00e9 v p\u0159\u00edslu\u0161n\u00e9 smlouv\u011b nebo v platn\u00e9 obchodn\u00ed nab\u00eddce, s v\u00fdjimkou: slu\u017eby Dob\u00edrka, Poji\u0161t\u011bn\u00ed, Ru\u010dn\u00ed vypln\u011bn\u00ed AWB, Otev\u0159en\u00ed bal\u00ed\u010dku p\u0159i doru\u010den\u00ed.[\/vc_column_text][\/vc_column][\/vc_row]<\/p>\n","protected":false},"excerpt":{"rendered":"<p>[vc_row el_class=&#8220;index_fuel&#8220;][vc_column][vc_column_text] Cargus uplat\u0148uje palivov\u00fd index, kter\u00fd je ur\u010den pr\u016fm\u011brnou cenou nafty v p\u0159edchoz\u00edm m\u011bs\u00edci, podle webov\u00e9 str\u00e1nky https:\/\/www.peco-online.ro\/istoric.php a n\u00ed\u017ee uveden\u00e9 tabulky.\u00a0 Pr\u016fm\u011brn\u00e1 cena nafty za byla: RON (bez DPH)\u00a0 P\u0159\u00edslu\u0161n\u00fd palivov\u00fd p\u0159\u00edplatek pro je: %\u00a0[\/vc_column_text][vc_raw_html]JTNDc3R5bGUlM0UlMEF0YWJsZS5pbmRleC1jb21idXNpdGJpbCUyMHRkJTdCJTBBJTIwJTIwYm9yZGVyLWJvdHRvbSUzQSUyMDFweCUyMHNvbGlkJTIwJTIzZGRkJTNCJTBBJTIwJTIwJTIwJTIwcGFkZGluZyUzQSUyMDEwcHglM0IlMEElN0QlMEElMEF0YWJsZS5pbmRleC1jb21idXNpdGJpbCUyMHRyJTNBbGFzdC1jaGlsZCUyMHRkJTdCJTBBJTIwJTIwYm9yZGVyLWJvdHRvbSUzQSUyMG5vbmUlM0IlMEElN0QlMEEudHJtZF9ib2xkJTIwdGQlMjAlN0IlMEElMjAlMjBmb250LXdlaWdodCUzQSUyMDcwMCUzQiUwQSU3RCUwQSU0MG1lZGlhJTIwJTI4bWF4LXdpZHRoJTNBJTIwNzY4cHglMjklMjAlN0IlMEElMjB0YWJsZS5pbmRleC1jb21idXNpdGJpbCUyMCU3QiUwQSUyMCUyMCUyMGRpc3BsYXklM0ElMjBibG9jayUzQiUwQSUyMCUyMCUyMCUyMG92ZXJmbG93LXglM0ElMjBhdXRvJTNCJTBBJTIwJTIwJTdEJTBBJTdEJTBBJTNDJTJGc3R5bGUlM0UlMEElM0NzY3JpcHQlM0UlMEFqUXVlcnklMjhkb2N1bWVudCUyOS5yZWFkeSUyOGZ1bmN0aW9uJTI4JTI0JTI5JTdCJTBBbGV0JTIwZnVlbF9pbmRleCUyMCUzRCUyMCUyNCUyOCUyN3RhYmxlLmluZGV4LWNvbWJ1c2l0YmlsJTI3JTI5LmF0dHIlMjglMjdmdWVsLWluZGV4LXZhbHVlJTI3JTI5JTNCJTBBJTI0JTI4JTI3dHIuZnVlbF9pbmRleCUyNyUyOS5lYWNoJTI4ZnVuY3Rpb24lMjglMjklN0IlMEElMjAlMjBpZiUyOCUyNCUyOHRoaXMlMjkuYXR0ciUyOCUyN2Z1ZWwtaW5kZXglMjclMjklMjAlM0QlM0QlMjBmdWVsX2luZGV4JTI5JTdCJTBBJTIwJTIwJTIwJTIwJTI0JTI4dGhpcyUyOS5hZGRDbGFzcyUyOCUyN3RybWRfYm9sZCUyNyUyOSUzQiUwQSUyMCUyMCU3RGVsc2UlN0IlMEElMjAlMjAlMjAlMjAlMjQlMjh0aGlzJTI5LnJlbW92ZUNsYXNzJTI4JTI3dHJtZF9ib2xkJTI3JTI5JTNCJTBBJTIwJTIwJTdEJTBBJTdEJTI5JTNCJTBBJTdEJTI5JTNCJTBBJTNDJTJGc2NyaXB0JTNFJTBBJTNDdGFibGUlMjBjbGFzcyUzRCUyN2luZGV4LWNvbWJ1c2l0YmlsJTI3JTIwc3R5bGUlM0QlMjJmb250LXdlaWdodCUzQSUyMDQwMCUzQiUyMHdpZHRoJTNBMTAwJTI1JTNCJTIwYm9yZGVyJTNBMXB4JTIwc29saWQlMjAlMjNkZGQlM0IlMjBib3JkZXItcmFkaXVzJTNBOHB4JTNCJTIyJTIwZnVlbC1pbmRleC12YWx1ZSUzRCU1QmdldF9mdWVsX2luZGV4JTVEJTNFJTBBJTNDdGJvZHklM0UlMEElM0N0ciUzRSUwQSUzQ3RkJTIwY29sc3BhbiUzRCUyMjMlMjIlM0UlM0NzdHJvbmclM0VJbnRlcnZhbCUyMHByJUM1JUFGbSVDNCU5QnJuJUMzJUE5JTIwY2VueSUyMG5hZnR5JTIwJTI4YmV6JTIwRFBIJTI5JTNDJTJGc3Ryb25nJTNFJTNDJTJGdGQlM0UlMEElM0MlMkZ0ciUzRSUwQSUzQ3RyJTNFJTBBJTNDdGQlMjB3aWR0aCUzRCUyMjI1JTI1JTIyJTNFJTNDc3Ryb25nJTNFT2QlM0MlMkZzdHJvbmclM0UlM0MlMkZ0ZCUzRSUwQSUzQ3RkJTIwd2lkdGglM0QlMjIyNSUyNSUyMiUzRSUzQ3N0cm9uZyUzRURvJTNDJTJGc3Ryb25nJTNFJTNDJTJGdGQlM0UlMEElM0N0ZCUyMHdpZHRoJTNEJTIyNTAlMjUlMjIlM0UlM0NzdHJvbmclM0VQYWxpdm92JUMzJUJEJTIwcCVDNSU5OSVDMyVBRHBsYXRlayUyMCVDMyVCQSVDNCU4RHRvdmFuJUMzJUJEJTIweiVDMyVBMWthem4lQzMlQURrb3ZpJTIwJTI4RlNDJTI5JTNDJTJGc3Ryb25nJTNFJTNDJTJGdGQlM0UlMEElM0MlMkZ0ciUzRSUwQSUzQ3RyJTIwY2xhc3MlM0QlMjJmdWVsX2luZGV4JTIyJTIwZnVlbC1pbmRleCUzRCUyMjAuODAlMjIlM0UlMEElM0N0ZCUzRTAuMDAwJTNDJTJGdGQlM0UlMEElM0N0ZCUzRTMuOTk5JTNDJTJGdGQlM0UlMEElM0N0ZCUzRTAuODAlMjUlM0MlMkZ0ZCUzRSUwQSUzQyUyRnRyJTNFJTBBJTNDdHIlMjBjbGFzcyUzRCUyMmZ1ZWxfaW5kZXglMjIlMjBmdWVsLWluZGV4JTNEJTIyMS4wMCUyMiUzRSUwQSUzQ3RkJTNFNC4wMDAlM0MlMkZ0ZCUzRSUwQSUzQ3RkJTNFNC4xOTklM0MlMkZ0ZCUzRSUwQSUzQ3RkJTNFMS4wMCUyNSUzQyUyRnRkJTNFJTBBJTNDJTJGdHIlM0UlMEElM0N0ciUyMGNsYXNzJTNEJTIyZnVlbF9pbmRleCUyMiUyMGZ1ZWwtaW5kZXglM0QlMjIxLjIwJTIyJTNFJTBBJTNDdGQlM0U0LjIwMCUzQyUyRnRkJTNFJTBBJTNDdGQlM0U0LjM5OSUzQyUyRnRkJTNFJTBBJTNDdGQlM0UxLjIwJTI1JTNDJTJGdGQlM0UlMEElM0MlMkZ0ciUzRSUwQSUzQ3RyJTIwY2xhc3MlM0QlMjJmdWVsX2luZGV4JTIyJTIwZnVlbC1pbmRleCUzRCUyMjEuNDAlMjIlM0UlMEElM0N0ZCUzRTQuNDAwJTNDJTJGdGQlM0UlMEElM0N0ZCUzRTQuNTk5JTNDJTJGdGQlM0UlMEElM0N0ZCUzRTEuNDAlMjUlM0MlMkZ0ZCUzRSUwQSUzQyUyRnRyJTNFJTBBJTNDdHIlMjBjbGFzcyUzRCUyMmZ1ZWxfaW5kZXglMjIlMjBmdWVsLWluZGV4JTNEJTIyMS42MCUyMiUzRSUwQSUzQ3RkJTNFNC42MDAlM0MlMkZ0ZCUzRSUwQSUzQ3RkJTNFNC43OTklM0MlMkZ0ZCUzRSUwQSUzQ3RkJTNFMS42MCUyNSUzQyUyRnRkJTNFJTBBJTNDJTJGdHIlM0UlMEElM0N0ciUyMGNsYXNzJTNEJTIyZnVlbF9pbmRleCUyMiUyMGZ1ZWwtaW5kZXglM0QlMjIxLjgwJTIyJTNFJTBBJTNDdGQlM0U0LjgwMCUzQyUyRnRkJTNFJTBBJTNDdGQlM0U0Ljk5OSUzQyUyRnRkJTNFJTBBJTNDdGQlM0UxLjgwJTI1JTNDJTJGdGQlM0UlMEElM0MlMkZ0ciUzRSUwQSUzQ3RyJTIwY2xhc3MlM0QlMjJmdWVsX2luZGV4JTIyJTIwZnVlbC1pbmRleCUzRCUyMjIuMjAlMjIlM0UlMEElM0N0ZCUzRTUuMDAwJTNDJTJGdGQlM0UlMEElM0N0ZCUzRTUuMTk5JTNDJTJGdGQlM0UlMEElM0N0ZCUzRTIuMjAlMjUlM0MlMkZ0ZCUzRSUwQSUzQyUyRnRyJTNFJTBBJTNDdHIlMjBjbGFzcyUzRCUyMmZ1ZWxfaW5kZXglMjIlMjBmdWVsLWluZGV4JTNEJTIyMi42MCUyMiUzRSUwQSUzQ3RkJTNFNS4yMDAlM0MlMkZ0ZCUzRSUwQSUzQ3RkJTNFNS4zOTklM0MlMkZ0ZCUzRSUwQSUzQ3RkJTNFMi42MCUyNSUzQyUyRnRkJTNFJTBBJTNDJTJGdHIlM0UlMEElM0N0ciUyMGNsYXNzJTNEJTIyZnVlbF9pbmRleCUyMiUyMGZ1ZWwtaW5kZXglM0QlMjIzLjAwJTIyJTNFJTBBJTNDdGQlM0U1LjQwMCUzQyUyRnRkJTNFJTBBJTNDdGQlM0U1LjU5OSUzQyUyRnRkJTNFJTBBJTNDdGQlM0UzLjAwJTI1JTNDJTJGdGQlM0UlMEElM0MlMkZ0ciUzRSUwQSUzQ3RyJTIwY2xhc3MlM0QlMjJmdWVsX2luZGV4JTIyJTIwZnVlbC1pbmRleCUzRCUyMjMuODAlMjIlM0UlMEElM0N0ZCUzRTUuNjAwJTNDJTJGdGQlM0UlMEElM0N0ZCUzRTUuNzk5JTNDJTJGdGQlM0UlMEElM0N0ZCUzRTMuODAlMjUlM0MlMkZ0ZCUzRSUwQSUzQyUyRnRyJTNFJTBBJTNDdHIlMjBjbGFzcyUzRCUyMmZ1ZWxfaW5kZXglMjIlMjBmdWVsLWluZGV4JTNEJTIyNC43MCUyMiUzRSUwQSUzQ3RkJTNFNS44MDAlM0MlMkZ0ZCUzRSUwQSUzQ3RkJTNFNS45OTklM0MlMkZ0ZCUzRSUwQSUzQ3RkJTNFNC43MCUyNSUzQyUyRnRkJTNFJTBBJTNDJTJGdHIlM0UlMEElM0N0ciUyMGNsYXNzJTNEJTIyZnVlbF9pbmRleCUyMiUyMGZ1ZWwtaW5kZXglM0QlMjI1LjYwJTIyJTNFJTBBJTNDdGQlM0U2LjAwMCUzQyUyRnRkJTNFJTBBJTNDdGQlM0U2LjE5OSUzQyUyRnRkJTNFJTBBJTNDdGQlM0U1LjYwJTI1JTNDJTJGdGQlM0UlMEElM0MlMkZ0ciUzRSUwQSUzQ3RyJTIwY2xhc3MlM0QlMjJmdWVsX2luZGV4JTIyJTIwZnVlbC1pbmRleCUzRCUyMjYuNTAlMjIlM0UlMEElM0N0ZCUzRTYuMjAwJTNDJTJGdGQlM0UlMEElM0N0ZCUzRTYuMzk5JTNDJTJGdGQlM0UlMEElM0N0ZCUzRTYuNTAlMjUlM0MlMkZ0ZCUzRSUwQSUzQyUyRnRyJTNFJTBBJTNDdHIlMjBjbGFzcyUzRCUyMmZ1ZWxfaW5kZXglMjIlMjBmdWVsLWluZGV4JTNEJTIyNy40MCUyMiUzRSUwQSUzQ3RkJTNFNi40MDAlM0MlMkZ0ZCUzRSUwQSUzQ3RkJTNFNi41OTklM0MlMkZ0ZCUzRSUwQSUzQ3RkJTNFNy40MCUyNSUzQyUyRnRkJTNFJTBBJTNDJTJGdHIlM0UlMEElM0N0ciUyMGNsYXNzJTNEJTIyZnVlbF9pbmRleCUyMiUyMGZ1ZWwtaW5kZXglM0QlMjI4LjMwJTIyJTNFJTBBJTNDdGQlM0U2LjYwMCUzQyUyRnRkJTNFJTBBJTNDdGQlM0U2Ljc5OSUzQyUyRnRkJTNFJTBBJTNDdGQlM0U4LjMwJTI1JTNDJTJGdGQlM0UlMEElM0MlMkZ0ciUzRSUwQSUzQ3RyJTIwY2xhc3MlM0QlMjJmdWVsX2luZGV4JTIyJTIwZnVlbC1pbmRleCUzRCUyMjkuMjAlMjIlM0UlMEElM0N0ZCUzRTYuODAwJTNDJTJGdGQlM0UlMEElM0N0ZCUzRTYuOTk5JTNDJTJGdGQlM0UlMEElM0N0ZCUzRTkuMjAlMjUlM0MlMkZ0ZCUzRSUwQSUzQyUyRnRyJTNFJTBBJTNDdHIlMjBjbGFzcyUzRCUyMmZ1ZWxfaW5kZXglMjIlMjBmdWVsLWluZGV4JTNEJTIyMTAuMTAlMjIlM0UlMEElM0N0ZCUzRTcuMDAwJTNDJTJGdGQlM0UlMEElM0N0ZCUzRTcuMTk5JTNDJTJGdGQlM0UlMEElM0N0ZCUzRTEwLjEwJTI1JTNDJTJGdGQlM0UlMEElM0MlMkZ0ciUzRSUwQSUzQ3RyJTIwY2xhc3MlM0QlMjJmdWVsX2luZGV4JTIyJTIwZnVlbC1pbmRleCUzRCUyMjExLjAwJTIyJTNFJTBBJTNDdGQlM0U3LjIwMCUzQyUyRnRkJTNFJTBBJTNDdGQlM0U3LjM5OSUzQyUyRnRkJTNFJTBBJTNDdGQlM0UxMS4wMCUyNSUzQyUyRnRkJTNFJTBBJTNDJTJGdHIlM0UlMEElM0N0ciUyMGNsYXNzJTNEJTIyZnVlbF9pbmRleCUyMiUyMGZ1ZWwtaW5kZXglM0QlMjIxMS45MCUyMiUzRSUwQSUzQ3RkJTNFNy40MDAlM0MlMkZ0ZCUzRSUwQSUzQ3RkJTNFNy41OTklM0MlMkZ0ZCUzRSUwQSUzQ3RkJTNFMTEuOTAlMjUlM0MlMkZ0ZCUzRSUwQSUzQyUyRnRyJTNFJTBBJTNDdHIlMjBjbGFzcyUzRCUyMmZ1ZWxfaW5kZXglMjIlMjBmdWVsLWluZGV4JTNEJTIyMTIuODAlMjIlM0UlMEElM0N0ZCUzRTcuNjAwJTNDJTJGdGQlM0UlMEElM0N0ZCUzRTcuNzk5JTNDJTJGdGQlM0UlMEElM0N0ZCUzRTEyLjgwJTI1JTNDJTJGdGQlM0UlMEElM0MlMkZ0ciUzRSUwQSUzQ3RyJTIwY2xhc3MlM0QlMjJmdWVsX2luZGV4JTIyJTIwZnVlbC1pbmRleCUzRCUyMjEzLjcwJTIyJTNFJTBBJTNDdGQlM0U3LjgwMCUzQyUyRnRkJTNFJTBBJTNDdGQlM0U3Ljk5OSUzQyUyRnRkJTNFJTBBJTNDdGQlM0UxMy43MCUyNSUzQyUyRnRkJTNFJTBBJTNDJTJGdHIlM0UlMEElM0N0ciUyMGNsYXNzJTNEJTIyZnVlbF9pbmRleCUyMiUyMGZ1ZWwtaW5kZXglM0QlMjIxNC42MCUyMiUzRSUwQSUzQ3RkJTNFOC4wMDAlM0MlMkZ0ZCUzRSUwQSUzQ3RkJTNFOC4xOTklM0MlMkZ0ZCUzRSUwQSUzQ3RkJTNFMTQuNjAlMjUlM0MlMkZ0ZCUzRSUwQSUzQyUyRnRyJTNFJTBBJTNDdHIlMjBjbGFzcyUzRCUyMmZ1ZWxfaW5kZXglMjIlMjBmdWVsLWluZGV4JTNEJTIyMTUuNTAlMjIlM0UlMEElM0N0ZCUzRTguMjAwJTNDJTJGdGQlM0UlMEElM0N0ZCUzRTguMzk5JTNDJTJGdGQlM0UlMEElM0N0ZCUzRTE1LjUwJTI1JTNDJTJGdGQlM0UlMEElM0MlMkZ0ciUzRSUwQSUzQ3RyJTIwY2xhc3MlM0QlMjJmdWVsX2luZGV4JTIyJTIwZnVlbC1pbmRleCUzRCUyMjE2LjQwJTIyJTNFJTBBJTNDdGQlM0U4LjQwMCUzQyUyRnRkJTNFJTBBJTNDdGQlM0U4LjU5OSUzQyUyRnRkJTNFJTBBJTNDdGQlM0UxNi40MCUyNSUzQyUyRnRkJTNFJTBBJTNDJTJGdHIlM0UlMEElM0N0ciUyMGNsYXNzJTNEJTIyZnVlbF9pbmRleCUyMiUyMGZ1ZWwtaW5kZXglM0QlMjIxNy4zMCUyMiUzRSUwQSUzQ3RkJTNFOC42MDAlM0MlMkZ0ZCUzRSUwQSUzQ3RkJTNFOC43OTklM0MlMkZ0ZCUzRSUwQSUzQ3RkJTNFMTcuMzAlMjUlM0MlMkZ0ZCUzRSUwQSUzQyUyRnRyJTNFJTBBJTNDdHIlMjBjbGFzcyUzRCUyMmZ1ZWxfaW5kZXglMjIlMjBmdWVsLWluZGV4JTNEJTIyMTguMjAlMjIlM0UlMEElM0N0ZCUzRTguODAwJTNDJTJGdGQlM0UlMEElM0N0ZCUzRTguOTk5JTNDJTJGdGQlM0UlMEElM0N0ZCUzRTE4LjIwJTI1JTNDJTJGdGQlM0UlMEElM0MlMkZ0ciUzRSUwQSUzQ3RyJTIwY2xhc3MlM0QlMjJmdWVsX2luZGV4JTIyJTIwZnVlbC1pbmRleCUzRCUyMjE5LjEwJTIyJTNFJTBBJTNDdGQlM0U5LjAwMCUzQyUyRnRkJTNFJTBBJTNDdGQlM0U5LjE5OSUzQyUyRnRkJTNFJTBBJTNDdGQlM0UxOS4xMCUyNSUzQyUyRnRkJTNFJTBBJTNDJTJGdHIlM0UlMEElM0N0ciUyMGNsYXNzJTNEJTIyZnVlbF9pbmRleCUyMiUyMGZ1ZWwtaW5kZXglM0QlMjIyMC4wMCUyMiUzRSUwQSUzQ3RkJTNFOS4yMDAlM0MlMkZ0ZCUzRSUwQSUzQ3RkJTNFOS4zOTklM0MlMkZ0ZCUzRSUwQSUzQ3RkJTNFMjAuMDAlMjUlM0MlMkZ0ZCUzRSUwQSUzQyUyRnRyJTNFJTBBJTNDdHIlMjBjbGFzcyUzRCUyMmZ1ZWxfaW5kZXglMjIlMjBmdWVsLWluZGV4JTNEJTIyMjAuOTAlMjIlM0UlMEElM0N0ZCUzRTkuNDAwJTNDJTJGdGQlM0UlMEElM0N0ZCUzRTkuNTk5JTNDJTJGdGQlM0UlMEElM0N0ZCUzRTIwLjkwJTI1JTNDJTJGdGQlM0UlMEElM0MlMkZ0ciUzRSUwQSUzQ3RyJTIwY2xhc3MlM0QlMjJmdWVsX2luZGV4JTIyJTIwZnVlbC1pbmRleCUzRCUyMjIxLjgwJTIyJTNFJTBBJTNDdGQlM0U5LjYwMCUzQyUyRnRkJTNFJTBBJTNDdGQlM0U5Ljc5OSUzQyUyRnRkJTNFJTBBJTNDdGQlM0UyMS44MCUyNSUzQyUyRnRkJTNFJTBBJTNDJTJGdHIlM0UlMEElM0N0ciUyMGNsYXNzJTNEJTIyZnVlbF9pbmRleCUyMiUyMGZ1ZWwtaW5kZXglM0QlMjIyMi43MCUyMiUzRSUwQSUzQ3RkJTNFOS44MDAlM0MlMkZ0ZCUzRSUwQSUzQ3RkJTNFOS45OTklM0MlMkZ0ZCUzRSUwQSUzQ3RkJTNFMjIuNzAlMjUlM0MlMkZ0ZCUzRSUwQSUzQyUyRnRyJTNFJTBBJTNDdHIlMjBjbGFzcyUzRCUyMmZ1ZWxfaW5kZXglMjIlMjBmdWVsLWluZGV4JTNEJTIyMjMuNjAlMjIlM0UlMEElM0N0ZCUzRTEwLjAwMCUzQyUyRnRkJTNFJTBBJTNDdGQlM0UxMC4xOTklM0MlMkZ0ZCUzRSUwQSUzQ3RkJTNFMjMuNjAlMjUlM0MlMkZ0ZCUzRSUwQSUzQyUyRnRyJTNFJTBBJTNDJTJGdGJvZHklM0UlMEElM0MlMkZ0YWJsZSUzRQ==[\/vc_raw_html][vc_column_text] Palivov\u00fd p\u0159\u00edplatek: \u2022 bude aktualizov\u00e1n v prvn\u00edch 3 pracovn\u00edch dnech m\u011bs\u00edce a plat\u00ed do konce m\u011bs\u00edce \u2022 plat\u00ed [&hellip;]<\/p>\n","protected":false},"author":32,"featured_media":0,"parent":0,"menu_order":0,"comment_status":"closed","ping_status":"closed","template":"","meta":{"footnotes":""},"class_list":["post-1026","page","type-page","status-publish","hentry"],"_links":{"self":[{"href":"https:\/\/www.cargus.ro\/cz\/wp-json\/wp\/v2\/pages\/1026","targetHints":{"allow":["GET"]}}],"collection":[{"href":"https:\/\/www.cargus.ro\/cz\/wp-json\/wp\/v2\/pages"}],"about":[{"href":"https:\/\/www.cargus.ro\/cz\/wp-json\/wp\/v2\/types\/page"}],"author":[{"embeddable":true,"href":"https:\/\/www.cargus.ro\/cz\/wp-json\/wp\/v2\/users\/32"}],"replies":[{"embeddable":true,"href":"https:\/\/www.cargus.ro\/cz\/wp-json\/wp\/v2\/comments?post=1026"}],"version-history":[{"count":18,"href":"https:\/\/www.cargus.ro\/cz\/wp-json\/wp\/v2\/pages\/1026\/revisions"}],"predecessor-version":[{"id":1053,"href":"https:\/\/www.cargus.ro\/cz\/wp-json\/wp\/v2\/pages\/1026\/revisions\/1053"}],"wp:attachment":[{"href":"https:\/\/www.cargus.ro\/cz\/wp-json\/wp\/v2\/media?parent=1026"}],"curies":[{"name":"wp","href":"https:\/\/api.w.org\/{rel}","templated":true}]}}