{"id":1009,"date":"2023-11-01T12:21:56","date_gmt":"2023-11-01T12:21:56","guid":{"rendered":"https:\/\/www.cargus.ro\/hu\/?page_id=1009"},"modified":"2024-09-26T09:10:44","modified_gmt":"2024-09-26T09:10:44","slug":"uzemanyag-index","status":"publish","type":"page","link":"https:\/\/www.cargus.ro\/hu\/uzemanyag-index\/","title":{"rendered":"\u00dczemanyag index"},"content":{"rendered":"<p>[vc_row el_class=&#8221;index_fuel&#8221;][vc_column][vc_column_text]<span data-contrast=\"auto\">A Cargus egy \u00fczemanyag-indexet alkalmaz, amelyet az el\u0151z\u0151 h\u00f3nap \u00e1tlagos d\u00edzel\u00e1r\u00e1nak figyelembe v\u00e9tel\u00e9vel hat\u00e1roznak meg, a <a href=\"https:\/\/www.peco-online.ro\/istoric.php\">https:\/\/www.peco-online.ro\/istoric.php<\/a> weboldal \u00e9s az al\u00e1bbi t\u00e1bl\u00e1zat alapj\u00e1n.<\/span><span data-ccp-props=\"{&quot;201341983&quot;:0,&quot;335559739&quot;:160,&quot;335559740&quot;:259}\">\u00a0<\/span><span data-ccp-props=\"{&quot;201341983&quot;:0,&quot;335559739&quot;:160,&quot;335559740&quot;:259}\">\u00a0<\/span><\/p>\n<p><span data-contrast=\"auto\">A d\u00edzel \u00e1tlagos \u00e1ra a  M\u00e1rcius h\u00f3napban: 7.67 RON (\u00c1FA n\u00e9lk\u00fcl)<\/span><span data-ccp-props=\"{&quot;201341983&quot;:0,&quot;335559739&quot;:160,&quot;335559740&quot;:259}\">\u00a0<\/span><\/p>\n<p><strong>A  \u00c1prilis h\u00f3napra \u00e9rv\u00e9nyes megfelel\u0151 \u00fczemanyag-p\u00f3td\u00edj\u00a0: 16.40 %\u00a0<\/strong>[\/vc_column_text][vc_raw_html]JTNDc3R5bGUlM0UlMEF0YWJsZS5pbmRleC1jb21idXNpdGJpbCUyMHRkJTdCJTBBJTIwJTIwYm9yZGVyLWJvdHRvbSUzQSUyMDFweCUyMHNvbGlkJTIwJTIzZGRkJTNCJTBBJTIwJTIwJTIwJTIwcGFkZGluZyUzQSUyMDEwcHglM0IlMEElN0QlMEElMEF0YWJsZS5pbmRleC1jb21idXNpdGJpbCUyMHRyJTNBbGFzdC1jaGlsZCUyMHRkJTdCJTBBJTIwJTIwYm9yZGVyLWJvdHRvbSUzQSUyMG5vbmUlM0IlMEElN0QlMEEudHJtZF9ib2xkJTIwdGQlMjAlN0IlMEElMjAlMjBmb250LXdlaWdodCUzQSUyMDcwMCUzQiUwQSU3RCUwQSU0MG1lZGlhJTIwJTI4bWF4LXdpZHRoJTNBJTIwNzY4cHglMjklMjAlN0IlMEElMjB0YWJsZS5pbmRleC1jb21idXNpdGJpbCUyMCU3QiUwQSUyMCUyMCUyMGRpc3BsYXklM0ElMjBibG9jayUzQiUwQSUyMCUyMCUyMCUyMG92ZXJmbG93LXglM0ElMjBhdXRvJTNCJTBBJTIwJTIwJTdEJTBBJTdEJTBBJTNDJTJGc3R5bGUlM0UlMEElM0NzY3JpcHQlM0UlMEFqUXVlcnklMjhkb2N1bWVudCUyOS5yZWFkeSUyOGZ1bmN0aW9uJTI4JTI0JTI5JTdCJTBBbGV0JTIwZnVlbF9pbmRleCUyMCUzRCUyMCUyNCUyOCUyN3RhYmxlLmluZGV4LWNvbWJ1c2l0YmlsJTI3JTI5LmF0dHIlMjglMjdmdWVsLWluZGV4LXZhbHVlJTI3JTI5JTNCJTBBJTI0JTI4JTI3dHIuZnVlbF9pbmRleCUyNyUyOS5lYWNoJTI4ZnVuY3Rpb24lMjglMjklN0IlMEElMjAlMjBpZiUyOCUyNCUyOHRoaXMlMjkuYXR0ciUyOCUyN2Z1ZWwtaW5kZXglMjclMjklMjAlM0QlM0QlMjBmdWVsX2luZGV4JTI5JTdCJTBBJTIwJTIwJTIwJTIwJTI0JTI4dGhpcyUyOS5hZGRDbGFzcyUyOCUyN3RybWRfYm9sZCUyNyUyOSUzQiUwQSUyMCUyMCU3RGVsc2UlN0IlMEElMjAlMjAlMjAlMjAlMjQlMjh0aGlzJTI5LnJlbW92ZUNsYXNzJTI4JTI3dHJtZF9ib2xkJTI3JTI5JTNCJTBBJTIwJTIwJTdEJTBBJTdEJTI5JTNCJTBBJTdEJTI5JTNCJTBBJTNDJTJGc2NyaXB0JTNFJTBBJTNDdGFibGUlMjBjbGFzcyUzRCUyN2luZGV4LWNvbWJ1c2l0YmlsJTI3JTIwc3R5bGUlM0QlMjJmb250LXdlaWdodCUzQSUyMDQwMCUzQiUyMHdpZHRoJTNBMTAwJTI1JTNCJTIwYm9yZGVyJTNBMXB4JTIwc29saWQlMjAlMjNkZGQlM0IlMjBib3JkZXItcmFkaXVzJTNBOHB4JTNCJTIyJTIwZnVlbC1pbmRleC12YWx1ZSUzRCU1QmdldF9mdWVsX2luZGV4JTVEJTNFJTBBJTNDdGJvZHklM0UlMEElM0N0ciUzRSUwQSUzQ3RkJTIwY29sc3BhbiUzRCUyMjMlMjIlM0UlM0NzdHJvbmclM0VBeiUyMCVDMyVBMXRsYWdvcyUyMGQlQzMlQUR6ZWwlQzMlQTFyJTIwaW50ZXJ2YWxsdW1hJTIwJTI4JUMzJTgxRkElMjBuJUMzJUE5bGslQzMlQkNsJTI5JTIwJTNDJTJGc3Ryb25nJTNFJTNDJTJGdGQlM0UlMEElM0MlMkZ0ciUzRSUwQSUzQ3RyJTNFJTBBJTNDdGQlMjB3aWR0aCUzRCUyMjI1JTI1JTIyJTNFJTNDc3Ryb25nJTNFVCVDMyVCM2wlM0MlMkZzdHJvbmclM0UlM0MlMkZ0ZCUzRSUwQSUzQ3RkJTIwd2lkdGglM0QlMjIyNSUyNSUyMiUzRSUzQ3N0cm9uZyUzRUlnJTNDJTJGc3Ryb25nJTNFJTNDJTJGdGQlM0UlMEElM0N0ZCUyMHdpZHRoJTNEJTIyNTAlMjUlMjIlM0UlM0NzdHJvbmclM0UlQzMlOUNneWYlQzMlQTlscmUlMjB0ZXJoZWxoZXQlQzUlOTElMjAlQzMlQkN6ZW1hbnlhZy1pbmRleCUyMCUyOEZTQyUyOSUyMCUzQyUyRnN0cm9uZyUzRSUzQyUyRnRkJTNFJTBBJTNDJTJGdHIlM0UlMEElM0N0ciUyMGNsYXNzJTNEJTIyZnVlbF9pbmRleCUyMiUyMGZ1ZWwtaW5kZXglM0QlMjIwLjgwJTIyJTNFJTBBJTNDdGQlM0UwLjAwMCUzQyUyRnRkJTNFJTBBJTNDdGQlM0UzLjk5OSUzQyUyRnRkJTNFJTBBJTNDdGQlM0UwLjgwJTI1JTNDJTJGdGQlM0UlMEElM0MlMkZ0ciUzRSUwQSUzQ3RyJTIwY2xhc3MlM0QlMjJmdWVsX2luZGV4JTIyJTIwZnVlbC1pbmRleCUzRCUyMjEuMDAlMjIlM0UlMEElM0N0ZCUzRTQuMDAwJTNDJTJGdGQlM0UlMEElM0N0ZCUzRTQuMTk5JTNDJTJGdGQlM0UlMEElM0N0ZCUzRTEuMDAlMjUlM0MlMkZ0ZCUzRSUwQSUzQyUyRnRyJTNFJTBBJTNDdHIlMjBjbGFzcyUzRCUyMmZ1ZWxfaW5kZXglMjIlMjBmdWVsLWluZGV4JTNEJTIyMS4yMCUyMiUzRSUwQSUzQ3RkJTNFNC4yMDAlM0MlMkZ0ZCUzRSUwQSUzQ3RkJTNFNC4zOTklM0MlMkZ0ZCUzRSUwQSUzQ3RkJTNFMS4yMCUyNSUzQyUyRnRkJTNFJTBBJTNDJTJGdHIlM0UlMEElM0N0ciUyMGNsYXNzJTNEJTIyZnVlbF9pbmRleCUyMiUyMGZ1ZWwtaW5kZXglM0QlMjIxLjQwJTIyJTNFJTBBJTNDdGQlM0U0LjQwMCUzQyUyRnRkJTNFJTBBJTNDdGQlM0U0LjU5OSUzQyUyRnRkJTNFJTBBJTNDdGQlM0UxLjQwJTI1JTNDJTJGdGQlM0UlMEElM0MlMkZ0ciUzRSUwQSUzQ3RyJTIwY2xhc3MlM0QlMjJmdWVsX2luZGV4JTIyJTIwZnVlbC1pbmRleCUzRCUyMjEuNjAlMjIlM0UlMEElM0N0ZCUzRTQuNjAwJTNDJTJGdGQlM0UlMEElM0N0ZCUzRTQuNzk5JTNDJTJGdGQlM0UlMEElM0N0ZCUzRTEuNjAlMjUlM0MlMkZ0ZCUzRSUwQSUzQyUyRnRyJTNFJTBBJTNDdHIlMjBjbGFzcyUzRCUyMmZ1ZWxfaW5kZXglMjIlMjBmdWVsLWluZGV4JTNEJTIyMS44MCUyMiUzRSUwQSUzQ3RkJTNFNC44MDAlM0MlMkZ0ZCUzRSUwQSUzQ3RkJTNFNC45OTklM0MlMkZ0ZCUzRSUwQSUzQ3RkJTNFMS44MCUyNSUzQyUyRnRkJTNFJTBBJTNDJTJGdHIlM0UlMEElM0N0ciUyMGNsYXNzJTNEJTIyZnVlbF9pbmRleCUyMiUyMGZ1ZWwtaW5kZXglM0QlMjIyLjIwJTIyJTNFJTBBJTNDdGQlM0U1LjAwMCUzQyUyRnRkJTNFJTBBJTNDdGQlM0U1LjE5OSUzQyUyRnRkJTNFJTBBJTNDdGQlM0UyLjIwJTI1JTNDJTJGdGQlM0UlMEElM0MlMkZ0ciUzRSUwQSUzQ3RyJTIwY2xhc3MlM0QlMjJmdWVsX2luZGV4JTIyJTIwZnVlbC1pbmRleCUzRCUyMjIuNjAlMjIlM0UlMEElM0N0ZCUzRTUuMjAwJTNDJTJGdGQlM0UlMEElM0N0ZCUzRTUuMzk5JTNDJTJGdGQlM0UlMEElM0N0ZCUzRTIuNjAlMjUlM0MlMkZ0ZCUzRSUwQSUzQyUyRnRyJTNFJTBBJTNDdHIlMjBjbGFzcyUzRCUyMmZ1ZWxfaW5kZXglMjIlMjBmdWVsLWluZGV4JTNEJTIyMy4wMCUyMiUzRSUwQSUzQ3RkJTNFNS40MDAlM0MlMkZ0ZCUzRSUwQSUzQ3RkJTNFNS41OTklM0MlMkZ0ZCUzRSUwQSUzQ3RkJTNFMy4wMCUyNSUzQyUyRnRkJTNFJTBBJTNDJTJGdHIlM0UlMEElM0N0ciUyMGNsYXNzJTNEJTIyZnVlbF9pbmRleCUyMiUyMGZ1ZWwtaW5kZXglM0QlMjIzLjgwJTIyJTNFJTBBJTNDdGQlM0U1LjYwMCUzQyUyRnRkJTNFJTBBJTNDdGQlM0U1Ljc5OSUzQyUyRnRkJTNFJTBBJTNDdGQlM0UzLjgwJTI1JTNDJTJGdGQlM0UlMEElM0MlMkZ0ciUzRSUwQSUzQ3RyJTIwY2xhc3MlM0QlMjJmdWVsX2luZGV4JTIyJTIwZnVlbC1pbmRleCUzRCUyMjQuNzAlMjIlM0UlMEElM0N0ZCUzRTUuODAwJTNDJTJGdGQlM0UlMEElM0N0ZCUzRTUuOTk5JTNDJTJGdGQlM0UlMEElM0N0ZCUzRTQuNzAlMjUlM0MlMkZ0ZCUzRSUwQSUzQyUyRnRyJTNFJTBBJTNDdHIlMjBjbGFzcyUzRCUyMmZ1ZWxfaW5kZXglMjIlMjBmdWVsLWluZGV4JTNEJTIyNS42MCUyMiUzRSUwQSUzQ3RkJTNFNi4wMDAlM0MlMkZ0ZCUzRSUwQSUzQ3RkJTNFNi4xOTklM0MlMkZ0ZCUzRSUwQSUzQ3RkJTNFNS42MCUyNSUzQyUyRnRkJTNFJTBBJTNDJTJGdHIlM0UlMEElM0N0ciUyMGNsYXNzJTNEJTIyZnVlbF9pbmRleCUyMiUyMGZ1ZWwtaW5kZXglM0QlMjI2LjUwJTIyJTNFJTBBJTNDdGQlM0U2LjIwMCUzQyUyRnRkJTNFJTBBJTNDdGQlM0U2LjM5OSUzQyUyRnRkJTNFJTBBJTNDdGQlM0U2LjUwJTI1JTNDJTJGdGQlM0UlMEElM0MlMkZ0ciUzRSUwQSUzQ3RyJTIwY2xhc3MlM0QlMjJmdWVsX2luZGV4JTIyJTIwZnVlbC1pbmRleCUzRCUyMjcuNDAlMjIlM0UlMEElM0N0ZCUzRTYuNDAwJTNDJTJGdGQlM0UlMEElM0N0ZCUzRTYuNTk5JTNDJTJGdGQlM0UlMEElM0N0ZCUzRTcuNDAlMjUlM0MlMkZ0ZCUzRSUwQSUzQyUyRnRyJTNFJTBBJTNDdHIlMjBjbGFzcyUzRCUyMmZ1ZWxfaW5kZXglMjIlMjBmdWVsLWluZGV4JTNEJTIyOC4zMCUyMiUzRSUwQSUzQ3RkJTNFNi42MDAlM0MlMkZ0ZCUzRSUwQSUzQ3RkJTNFNi43OTklM0MlMkZ0ZCUzRSUwQSUzQ3RkJTNFOC4zMCUyNSUzQyUyRnRkJTNFJTBBJTNDJTJGdHIlM0UlMEElM0N0ciUyMGNsYXNzJTNEJTIyZnVlbF9pbmRleCUyMiUyMGZ1ZWwtaW5kZXglM0QlMjI5LjIwJTIyJTNFJTBBJTNDdGQlM0U2LjgwMCUzQyUyRnRkJTNFJTBBJTNDdGQlM0U2Ljk5OSUzQyUyRnRkJTNFJTBBJTNDdGQlM0U5LjIwJTI1JTNDJTJGdGQlM0UlMEElM0MlMkZ0ciUzRSUwQSUzQ3RyJTIwY2xhc3MlM0QlMjJmdWVsX2luZGV4JTIyJTIwZnVlbC1pbmRleCUzRCUyMjEwLjEwJTIyJTNFJTBBJTNDdGQlM0U3LjAwMCUzQyUyRnRkJTNFJTBBJTNDdGQlM0U3LjE5OSUzQyUyRnRkJTNFJTBBJTNDdGQlM0UxMC4xMCUyNSUzQyUyRnRkJTNFJTBBJTNDJTJGdHIlM0UlMEElM0N0ciUyMGNsYXNzJTNEJTIyZnVlbF9pbmRleCUyMiUyMGZ1ZWwtaW5kZXglM0QlMjIxMS4wMCUyMiUzRSUwQSUzQ3RkJTNFNy4yMDAlM0MlMkZ0ZCUzRSUwQSUzQ3RkJTNFNy4zOTklM0MlMkZ0ZCUzRSUwQSUzQ3RkJTNFMTEuMDAlMjUlM0MlMkZ0ZCUzRSUwQSUzQyUyRnRyJTNFJTBBJTNDdHIlMjBjbGFzcyUzRCUyMmZ1ZWxfaW5kZXglMjIlMjBmdWVsLWluZGV4JTNEJTIyMTEuOTAlMjIlM0UlMEElM0N0ZCUzRTcuNDAwJTNDJTJGdGQlM0UlMEElM0N0ZCUzRTcuNTk5JTNDJTJGdGQlM0UlMEElM0N0ZCUzRTExLjkwJTI1JTNDJTJGdGQlM0UlMEElM0MlMkZ0ciUzRSUwQSUzQ3RyJTIwY2xhc3MlM0QlMjJmdWVsX2luZGV4JTIyJTIwZnVlbC1pbmRleCUzRCUyMjEyLjgwJTIyJTNFJTBBJTNDdGQlM0U3LjYwMCUzQyUyRnRkJTNFJTBBJTNDdGQlM0U3Ljc5OSUzQyUyRnRkJTNFJTBBJTNDdGQlM0UxMi44MCUyNSUzQyUyRnRkJTNFJTBBJTNDJTJGdHIlM0UlMEElM0N0ciUyMGNsYXNzJTNEJTIyZnVlbF9pbmRleCUyMiUyMGZ1ZWwtaW5kZXglM0QlMjIxMy43MCUyMiUzRSUwQSUzQ3RkJTNFNy44MDAlM0MlMkZ0ZCUzRSUwQSUzQ3RkJTNFNy45OTklM0MlMkZ0ZCUzRSUwQSUzQ3RkJTNFMTMuNzAlMjUlM0MlMkZ0ZCUzRSUwQSUzQyUyRnRyJTNFJTBBJTNDdHIlMjBjbGFzcyUzRCUyMmZ1ZWxfaW5kZXglMjIlMjBmdWVsLWluZGV4JTNEJTIyMTQuNjAlMjIlM0UlMEElM0N0ZCUzRTguMDAwJTNDJTJGdGQlM0UlMEElM0N0ZCUzRTguMTk5JTNDJTJGdGQlM0UlMEElM0N0ZCUzRTE0LjYwJTI1JTNDJTJGdGQlM0UlMEElM0MlMkZ0ciUzRSUwQSUzQ3RyJTIwY2xhc3MlM0QlMjJmdWVsX2luZGV4JTIyJTIwZnVlbC1pbmRleCUzRCUyMjE1LjUwJTIyJTNFJTBBJTNDdGQlM0U4LjIwMCUzQyUyRnRkJTNFJTBBJTNDdGQlM0U4LjM5OSUzQyUyRnRkJTNFJTBBJTNDdGQlM0UxNS41MCUyNSUzQyUyRnRkJTNFJTBBJTNDJTJGdHIlM0UlMEElM0N0ciUyMGNsYXNzJTNEJTIyZnVlbF9pbmRleCUyMiUyMGZ1ZWwtaW5kZXglM0QlMjIxNi40MCUyMiUzRSUwQSUzQ3RkJTNFOC40MDAlM0MlMkZ0ZCUzRSUwQSUzQ3RkJTNFOC41OTklM0MlMkZ0ZCUzRSUwQSUzQ3RkJTNFMTYuNDAlMjUlM0MlMkZ0ZCUzRSUwQSUzQyUyRnRyJTNFJTBBJTNDdHIlMjBjbGFzcyUzRCUyMmZ1ZWxfaW5kZXglMjIlMjBmdWVsLWluZGV4JTNEJTIyMTcuMzAlMjIlM0UlMEElM0N0ZCUzRTguNjAwJTNDJTJGdGQlM0UlMEElM0N0ZCUzRTguNzk5JTNDJTJGdGQlM0UlMEElM0N0ZCUzRTE3LjMwJTI1JTNDJTJGdGQlM0UlMEElM0MlMkZ0ciUzRSUwQSUzQ3RyJTIwY2xhc3MlM0QlMjJmdWVsX2luZGV4JTIyJTIwZnVlbC1pbmRleCUzRCUyMjE4LjIwJTIyJTNFJTBBJTNDdGQlM0U4LjgwMCUzQyUyRnRkJTNFJTBBJTNDdGQlM0U4Ljk5OSUzQyUyRnRkJTNFJTBBJTNDdGQlM0UxOC4yMCUyNSUzQyUyRnRkJTNFJTBBJTNDJTJGdHIlM0UlMEElM0N0ciUyMGNsYXNzJTNEJTIyZnVlbF9pbmRleCUyMiUyMGZ1ZWwtaW5kZXglM0QlMjIxOS4xMCUyMiUzRSUwQSUzQ3RkJTNFOS4wMDAlM0MlMkZ0ZCUzRSUwQSUzQ3RkJTNFOS4xOTklM0MlMkZ0ZCUzRSUwQSUzQ3RkJTNFMTkuMTAlMjUlM0MlMkZ0ZCUzRSUwQSUzQyUyRnRyJTNFJTBBJTNDdHIlMjBjbGFzcyUzRCUyMmZ1ZWxfaW5kZXglMjIlMjBmdWVsLWluZGV4JTNEJTIyMjAuMDAlMjIlM0UlMEElM0N0ZCUzRTkuMjAwJTNDJTJGdGQlM0UlMEElM0N0ZCUzRTkuMzk5JTNDJTJGdGQlM0UlMEElM0N0ZCUzRTIwLjAwJTI1JTNDJTJGdGQlM0UlMEElM0MlMkZ0ciUzRSUwQSUzQ3RyJTIwY2xhc3MlM0QlMjJmdWVsX2luZGV4JTIyJTIwZnVlbC1pbmRleCUzRCUyMjIwLjkwJTIyJTNFJTBBJTNDdGQlM0U5LjQwMCUzQyUyRnRkJTNFJTBBJTNDdGQlM0U5LjU5OSUzQyUyRnRkJTNFJTBBJTNDdGQlM0UyMC45MCUyNSUzQyUyRnRkJTNFJTBBJTNDJTJGdHIlM0UlMEElM0N0ciUyMGNsYXNzJTNEJTIyZnVlbF9pbmRleCUyMiUyMGZ1ZWwtaW5kZXglM0QlMjIyMS44MCUyMiUzRSUwQSUzQ3RkJTNFOS42MDAlM0MlMkZ0ZCUzRSUwQSUzQ3RkJTNFOS43OTklM0MlMkZ0ZCUzRSUwQSUzQ3RkJTNFMjEuODAlMjUlM0MlMkZ0ZCUzRSUwQSUzQyUyRnRyJTNFJTBBJTNDdHIlMjBjbGFzcyUzRCUyMmZ1ZWxfaW5kZXglMjIlMjBmdWVsLWluZGV4JTNEJTIyMjIuNzAlMjIlM0UlMEElM0N0ZCUzRTkuODAwJTNDJTJGdGQlM0UlMEElM0N0ZCUzRTkuOTk5JTNDJTJGdGQlM0UlMEElM0N0ZCUzRTIyLjcwJTI1JTNDJTJGdGQlM0UlMEElM0MlMkZ0ciUzRSUwQSUzQ3RyJTIwY2xhc3MlM0QlMjJmdWVsX2luZGV4JTIyJTIwZnVlbC1pbmRleCUzRCUyMjIzLjYwJTIyJTNFJTBBJTNDdGQlM0UxMC4wMDAlM0MlMkZ0ZCUzRSUwQSUzQ3RkJTNFMTAuMTk5JTNDJTJGdGQlM0UlMEElM0N0ZCUzRTIzLjYwJTI1JTNDJTJGdGQlM0UlMEElM0MlMkZ0ciUzRSUwQSUzQyUyRnRib2R5JTNFJTBBJTNDJTJGdGFibGUlM0U=[\/vc_raw_html][vc_column_text]<strong>Az \u00dczemanyag-p\u00f3td\u00edj:<\/strong><\/p>\n<p>\u2022 a h\u00f3nap els\u0151 3 munkanapj\u00e1n ker\u00fcl friss\u00edt\u00e9sre \u00e9s a h\u00f3nap v\u00e9g\u00e9ig \u00e9rv\u00e9nyes<br \/>\n\u2022 \u00e9rv\u00e9nyes a nemzeti \u00e9s nemzetk\u00f6zi fut\u00e1r- \u00e9s sz\u00e1ll\u00edt\u00e1si szolg\u00e1ltat\u00e1sok d\u00edjt\u00e9teleire, amelyek az \u00e9rintett szerz\u0151d\u00e9shez vagy kereskedelmi aj\u00e1nlathoz kapcsol\u00f3d\u00f3 alapd\u00edjak list\u00e1j\u00e1ban szerepelnek, valamint minden hozz\u00e1adott \u00e9rt\u00e9k\u0171 szolg\u00e1ltat\u00e1sra, amelyek az \u00e9rintett szerz\u0151d\u00e9sben \u00e9s\/vagy az \u00e9rv\u00e9nyes kereskedelmi aj\u00e1nlatban szerepelnek, kiv\u00e9ve: Ut\u00e1nv\u00e9tes szolg\u00e1ltat\u00e1s, Nyilatkozott \u00c9rt\u00e9k Szolg\u00e1ltat\u00e1s, K\u00e9zi AWB Kit\u00f6lt\u00e9s, Csomag Kibont\u00e1sa a Sz\u00e1ll\u00edt\u00e1skor.[\/vc_column_text][\/vc_column][\/vc_row]<\/p>\n","protected":false},"excerpt":{"rendered":"<p>[vc_row el_class=&#8221;index_fuel&#8221;][vc_column][vc_column_text]A Cargus egy \u00fczemanyag-indexet alkalmaz, amelyet az el\u0151z\u0151 h\u00f3nap \u00e1tlagos d\u00edzel\u00e1r\u00e1nak figyelembe v\u00e9tel\u00e9vel hat\u00e1roznak meg, a https:\/\/www.peco-online.ro\/istoric.php weboldal \u00e9s az al\u00e1bbi t\u00e1bl\u00e1zat alapj\u00e1n.\u00a0\u00a0 A d\u00edzel \u00e1tlagos \u00e1ra a h\u00f3napban: RON (\u00c1FA n\u00e9lk\u00fcl)\u00a0 A h\u00f3napra \u00e9rv\u00e9nyes megfelel\u0151 \u00fczemanyag-p\u00f3td\u00edj\u00a0: %\u00a0[\/vc_column_text][vc_raw_html]JTNDc3R5bGUlM0UlMEF0YWJsZS5pbmRleC1jb21idXNpdGJpbCUyMHRkJTdCJTBBJTIwJTIwYm9yZGVyLWJvdHRvbSUzQSUyMDFweCUyMHNvbGlkJTIwJTIzZGRkJTNCJTBBJTIwJTIwJTIwJTIwcGFkZGluZyUzQSUyMDEwcHglM0IlMEElN0QlMEElMEF0YWJsZS5pbmRleC1jb21idXNpdGJpbCUyMHRyJTNBbGFzdC1jaGlsZCUyMHRkJTdCJTBBJTIwJTIwYm9yZGVyLWJvdHRvbSUzQSUyMG5vbmUlM0IlMEElN0QlMEEudHJtZF9ib2xkJTIwdGQlMjAlN0IlMEElMjAlMjBmb250LXdlaWdodCUzQSUyMDcwMCUzQiUwQSU3RCUwQSU0MG1lZGlhJTIwJTI4bWF4LXdpZHRoJTNBJTIwNzY4cHglMjklMjAlN0IlMEElMjB0YWJsZS5pbmRleC1jb21idXNpdGJpbCUyMCU3QiUwQSUyMCUyMCUyMGRpc3BsYXklM0ElMjBibG9jayUzQiUwQSUyMCUyMCUyMCUyMG92ZXJmbG93LXglM0ElMjBhdXRvJTNCJTBBJTIwJTIwJTdEJTBBJTdEJTBBJTNDJTJGc3R5bGUlM0UlMEElM0NzY3JpcHQlM0UlMEFqUXVlcnklMjhkb2N1bWVudCUyOS5yZWFkeSUyOGZ1bmN0aW9uJTI4JTI0JTI5JTdCJTBBbGV0JTIwZnVlbF9pbmRleCUyMCUzRCUyMCUyNCUyOCUyN3RhYmxlLmluZGV4LWNvbWJ1c2l0YmlsJTI3JTI5LmF0dHIlMjglMjdmdWVsLWluZGV4LXZhbHVlJTI3JTI5JTNCJTBBJTI0JTI4JTI3dHIuZnVlbF9pbmRleCUyNyUyOS5lYWNoJTI4ZnVuY3Rpb24lMjglMjklN0IlMEElMjAlMjBpZiUyOCUyNCUyOHRoaXMlMjkuYXR0ciUyOCUyN2Z1ZWwtaW5kZXglMjclMjklMjAlM0QlM0QlMjBmdWVsX2luZGV4JTI5JTdCJTBBJTIwJTIwJTIwJTIwJTI0JTI4dGhpcyUyOS5hZGRDbGFzcyUyOCUyN3RybWRfYm9sZCUyNyUyOSUzQiUwQSUyMCUyMCU3RGVsc2UlN0IlMEElMjAlMjAlMjAlMjAlMjQlMjh0aGlzJTI5LnJlbW92ZUNsYXNzJTI4JTI3dHJtZF9ib2xkJTI3JTI5JTNCJTBBJTIwJTIwJTdEJTBBJTdEJTI5JTNCJTBBJTdEJTI5JTNCJTBBJTNDJTJGc2NyaXB0JTNFJTBBJTNDdGFibGUlMjBjbGFzcyUzRCUyN2luZGV4LWNvbWJ1c2l0YmlsJTI3JTIwc3R5bGUlM0QlMjJmb250LXdlaWdodCUzQSUyMDQwMCUzQiUyMHdpZHRoJTNBMTAwJTI1JTNCJTIwYm9yZGVyJTNBMXB4JTIwc29saWQlMjAlMjNkZGQlM0IlMjBib3JkZXItcmFkaXVzJTNBOHB4JTNCJTIyJTIwZnVlbC1pbmRleC12YWx1ZSUzRCU1QmdldF9mdWVsX2luZGV4JTVEJTNFJTBBJTNDdGJvZHklM0UlMEElM0N0ciUzRSUwQSUzQ3RkJTIwY29sc3BhbiUzRCUyMjMlMjIlM0UlM0NzdHJvbmclM0VBeiUyMCVDMyVBMXRsYWdvcyUyMGQlQzMlQUR6ZWwlQzMlQTFyJTIwaW50ZXJ2YWxsdW1hJTIwJTI4JUMzJTgxRkElMjBuJUMzJUE5bGslQzMlQkNsJTI5JTIwJTNDJTJGc3Ryb25nJTNFJTNDJTJGdGQlM0UlMEElM0MlMkZ0ciUzRSUwQSUzQ3RyJTNFJTBBJTNDdGQlMjB3aWR0aCUzRCUyMjI1JTI1JTIyJTNFJTNDc3Ryb25nJTNFVCVDMyVCM2wlM0MlMkZzdHJvbmclM0UlM0MlMkZ0ZCUzRSUwQSUzQ3RkJTIwd2lkdGglM0QlMjIyNSUyNSUyMiUzRSUzQ3N0cm9uZyUzRUlnJTNDJTJGc3Ryb25nJTNFJTNDJTJGdGQlM0UlMEElM0N0ZCUyMHdpZHRoJTNEJTIyNTAlMjUlMjIlM0UlM0NzdHJvbmclM0UlQzMlOUNneWYlQzMlQTlscmUlMjB0ZXJoZWxoZXQlQzUlOTElMjAlQzMlQkN6ZW1hbnlhZy1pbmRleCUyMCUyOEZTQyUyOSUyMCUzQyUyRnN0cm9uZyUzRSUzQyUyRnRkJTNFJTBBJTNDJTJGdHIlM0UlMEElM0N0ciUyMGNsYXNzJTNEJTIyZnVlbF9pbmRleCUyMiUyMGZ1ZWwtaW5kZXglM0QlMjIwLjgwJTIyJTNFJTBBJTNDdGQlM0UwLjAwMCUzQyUyRnRkJTNFJTBBJTNDdGQlM0UzLjk5OSUzQyUyRnRkJTNFJTBBJTNDdGQlM0UwLjgwJTI1JTNDJTJGdGQlM0UlMEElM0MlMkZ0ciUzRSUwQSUzQ3RyJTIwY2xhc3MlM0QlMjJmdWVsX2luZGV4JTIyJTIwZnVlbC1pbmRleCUzRCUyMjEuMDAlMjIlM0UlMEElM0N0ZCUzRTQuMDAwJTNDJTJGdGQlM0UlMEElM0N0ZCUzRTQuMTk5JTNDJTJGdGQlM0UlMEElM0N0ZCUzRTEuMDAlMjUlM0MlMkZ0ZCUzRSUwQSUzQyUyRnRyJTNFJTBBJTNDdHIlMjBjbGFzcyUzRCUyMmZ1ZWxfaW5kZXglMjIlMjBmdWVsLWluZGV4JTNEJTIyMS4yMCUyMiUzRSUwQSUzQ3RkJTNFNC4yMDAlM0MlMkZ0ZCUzRSUwQSUzQ3RkJTNFNC4zOTklM0MlMkZ0ZCUzRSUwQSUzQ3RkJTNFMS4yMCUyNSUzQyUyRnRkJTNFJTBBJTNDJTJGdHIlM0UlMEElM0N0ciUyMGNsYXNzJTNEJTIyZnVlbF9pbmRleCUyMiUyMGZ1ZWwtaW5kZXglM0QlMjIxLjQwJTIyJTNFJTBBJTNDdGQlM0U0LjQwMCUzQyUyRnRkJTNFJTBBJTNDdGQlM0U0LjU5OSUzQyUyRnRkJTNFJTBBJTNDdGQlM0UxLjQwJTI1JTNDJTJGdGQlM0UlMEElM0MlMkZ0ciUzRSUwQSUzQ3RyJTIwY2xhc3MlM0QlMjJmdWVsX2luZGV4JTIyJTIwZnVlbC1pbmRleCUzRCUyMjEuNjAlMjIlM0UlMEElM0N0ZCUzRTQuNjAwJTNDJTJGdGQlM0UlMEElM0N0ZCUzRTQuNzk5JTNDJTJGdGQlM0UlMEElM0N0ZCUzRTEuNjAlMjUlM0MlMkZ0ZCUzRSUwQSUzQyUyRnRyJTNFJTBBJTNDdHIlMjBjbGFzcyUzRCUyMmZ1ZWxfaW5kZXglMjIlMjBmdWVsLWluZGV4JTNEJTIyMS44MCUyMiUzRSUwQSUzQ3RkJTNFNC44MDAlM0MlMkZ0ZCUzRSUwQSUzQ3RkJTNFNC45OTklM0MlMkZ0ZCUzRSUwQSUzQ3RkJTNFMS44MCUyNSUzQyUyRnRkJTNFJTBBJTNDJTJGdHIlM0UlMEElM0N0ciUyMGNsYXNzJTNEJTIyZnVlbF9pbmRleCUyMiUyMGZ1ZWwtaW5kZXglM0QlMjIyLjIwJTIyJTNFJTBBJTNDdGQlM0U1LjAwMCUzQyUyRnRkJTNFJTBBJTNDdGQlM0U1LjE5OSUzQyUyRnRkJTNFJTBBJTNDdGQlM0UyLjIwJTI1JTNDJTJGdGQlM0UlMEElM0MlMkZ0ciUzRSUwQSUzQ3RyJTIwY2xhc3MlM0QlMjJmdWVsX2luZGV4JTIyJTIwZnVlbC1pbmRleCUzRCUyMjIuNjAlMjIlM0UlMEElM0N0ZCUzRTUuMjAwJTNDJTJGdGQlM0UlMEElM0N0ZCUzRTUuMzk5JTNDJTJGdGQlM0UlMEElM0N0ZCUzRTIuNjAlMjUlM0MlMkZ0ZCUzRSUwQSUzQyUyRnRyJTNFJTBBJTNDdHIlMjBjbGFzcyUzRCUyMmZ1ZWxfaW5kZXglMjIlMjBmdWVsLWluZGV4JTNEJTIyMy4wMCUyMiUzRSUwQSUzQ3RkJTNFNS40MDAlM0MlMkZ0ZCUzRSUwQSUzQ3RkJTNFNS41OTklM0MlMkZ0ZCUzRSUwQSUzQ3RkJTNFMy4wMCUyNSUzQyUyRnRkJTNFJTBBJTNDJTJGdHIlM0UlMEElM0N0ciUyMGNsYXNzJTNEJTIyZnVlbF9pbmRleCUyMiUyMGZ1ZWwtaW5kZXglM0QlMjIzLjgwJTIyJTNFJTBBJTNDdGQlM0U1LjYwMCUzQyUyRnRkJTNFJTBBJTNDdGQlM0U1Ljc5OSUzQyUyRnRkJTNFJTBBJTNDdGQlM0UzLjgwJTI1JTNDJTJGdGQlM0UlMEElM0MlMkZ0ciUzRSUwQSUzQ3RyJTIwY2xhc3MlM0QlMjJmdWVsX2luZGV4JTIyJTIwZnVlbC1pbmRleCUzRCUyMjQuNzAlMjIlM0UlMEElM0N0ZCUzRTUuODAwJTNDJTJGdGQlM0UlMEElM0N0ZCUzRTUuOTk5JTNDJTJGdGQlM0UlMEElM0N0ZCUzRTQuNzAlMjUlM0MlMkZ0ZCUzRSUwQSUzQyUyRnRyJTNFJTBBJTNDdHIlMjBjbGFzcyUzRCUyMmZ1ZWxfaW5kZXglMjIlMjBmdWVsLWluZGV4JTNEJTIyNS42MCUyMiUzRSUwQSUzQ3RkJTNFNi4wMDAlM0MlMkZ0ZCUzRSUwQSUzQ3RkJTNFNi4xOTklM0MlMkZ0ZCUzRSUwQSUzQ3RkJTNFNS42MCUyNSUzQyUyRnRkJTNFJTBBJTNDJTJGdHIlM0UlMEElM0N0ciUyMGNsYXNzJTNEJTIyZnVlbF9pbmRleCUyMiUyMGZ1ZWwtaW5kZXglM0QlMjI2LjUwJTIyJTNFJTBBJTNDdGQlM0U2LjIwMCUzQyUyRnRkJTNFJTBBJTNDdGQlM0U2LjM5OSUzQyUyRnRkJTNFJTBBJTNDdGQlM0U2LjUwJTI1JTNDJTJGdGQlM0UlMEElM0MlMkZ0ciUzRSUwQSUzQ3RyJTIwY2xhc3MlM0QlMjJmdWVsX2luZGV4JTIyJTIwZnVlbC1pbmRleCUzRCUyMjcuNDAlMjIlM0UlMEElM0N0ZCUzRTYuNDAwJTNDJTJGdGQlM0UlMEElM0N0ZCUzRTYuNTk5JTNDJTJGdGQlM0UlMEElM0N0ZCUzRTcuNDAlMjUlM0MlMkZ0ZCUzRSUwQSUzQyUyRnRyJTNFJTBBJTNDdHIlMjBjbGFzcyUzRCUyMmZ1ZWxfaW5kZXglMjIlMjBmdWVsLWluZGV4JTNEJTIyOC4zMCUyMiUzRSUwQSUzQ3RkJTNFNi42MDAlM0MlMkZ0ZCUzRSUwQSUzQ3RkJTNFNi43OTklM0MlMkZ0ZCUzRSUwQSUzQ3RkJTNFOC4zMCUyNSUzQyUyRnRkJTNFJTBBJTNDJTJGdHIlM0UlMEElM0N0ciUyMGNsYXNzJTNEJTIyZnVlbF9pbmRleCUyMiUyMGZ1ZWwtaW5kZXglM0QlMjI5LjIwJTIyJTNFJTBBJTNDdGQlM0U2LjgwMCUzQyUyRnRkJTNFJTBBJTNDdGQlM0U2Ljk5OSUzQyUyRnRkJTNFJTBBJTNDdGQlM0U5LjIwJTI1JTNDJTJGdGQlM0UlMEElM0MlMkZ0ciUzRSUwQSUzQ3RyJTIwY2xhc3MlM0QlMjJmdWVsX2luZGV4JTIyJTIwZnVlbC1pbmRleCUzRCUyMjEwLjEwJTIyJTNFJTBBJTNDdGQlM0U3LjAwMCUzQyUyRnRkJTNFJTBBJTNDdGQlM0U3LjE5OSUzQyUyRnRkJTNFJTBBJTNDdGQlM0UxMC4xMCUyNSUzQyUyRnRkJTNFJTBBJTNDJTJGdHIlM0UlMEElM0N0ciUyMGNsYXNzJTNEJTIyZnVlbF9pbmRleCUyMiUyMGZ1ZWwtaW5kZXglM0QlMjIxMS4wMCUyMiUzRSUwQSUzQ3RkJTNFNy4yMDAlM0MlMkZ0ZCUzRSUwQSUzQ3RkJTNFNy4zOTklM0MlMkZ0ZCUzRSUwQSUzQ3RkJTNFMTEuMDAlMjUlM0MlMkZ0ZCUzRSUwQSUzQyUyRnRyJTNFJTBBJTNDdHIlMjBjbGFzcyUzRCUyMmZ1ZWxfaW5kZXglMjIlMjBmdWVsLWluZGV4JTNEJTIyMTEuOTAlMjIlM0UlMEElM0N0ZCUzRTcuNDAwJTNDJTJGdGQlM0UlMEElM0N0ZCUzRTcuNTk5JTNDJTJGdGQlM0UlMEElM0N0ZCUzRTExLjkwJTI1JTNDJTJGdGQlM0UlMEElM0MlMkZ0ciUzRSUwQSUzQ3RyJTIwY2xhc3MlM0QlMjJmdWVsX2luZGV4JTIyJTIwZnVlbC1pbmRleCUzRCUyMjEyLjgwJTIyJTNFJTBBJTNDdGQlM0U3LjYwMCUzQyUyRnRkJTNFJTBBJTNDdGQlM0U3Ljc5OSUzQyUyRnRkJTNFJTBBJTNDdGQlM0UxMi44MCUyNSUzQyUyRnRkJTNFJTBBJTNDJTJGdHIlM0UlMEElM0N0ciUyMGNsYXNzJTNEJTIyZnVlbF9pbmRleCUyMiUyMGZ1ZWwtaW5kZXglM0QlMjIxMy43MCUyMiUzRSUwQSUzQ3RkJTNFNy44MDAlM0MlMkZ0ZCUzRSUwQSUzQ3RkJTNFNy45OTklM0MlMkZ0ZCUzRSUwQSUzQ3RkJTNFMTMuNzAlMjUlM0MlMkZ0ZCUzRSUwQSUzQyUyRnRyJTNFJTBBJTNDdHIlMjBjbGFzcyUzRCUyMmZ1ZWxfaW5kZXglMjIlMjBmdWVsLWluZGV4JTNEJTIyMTQuNjAlMjIlM0UlMEElM0N0ZCUzRTguMDAwJTNDJTJGdGQlM0UlMEElM0N0ZCUzRTguMTk5JTNDJTJGdGQlM0UlMEElM0N0ZCUzRTE0LjYwJTI1JTNDJTJGdGQlM0UlMEElM0MlMkZ0ciUzRSUwQSUzQ3RyJTIwY2xhc3MlM0QlMjJmdWVsX2luZGV4JTIyJTIwZnVlbC1pbmRleCUzRCUyMjE1LjUwJTIyJTNFJTBBJTNDdGQlM0U4LjIwMCUzQyUyRnRkJTNFJTBBJTNDdGQlM0U4LjM5OSUzQyUyRnRkJTNFJTBBJTNDdGQlM0UxNS41MCUyNSUzQyUyRnRkJTNFJTBBJTNDJTJGdHIlM0UlMEElM0N0ciUyMGNsYXNzJTNEJTIyZnVlbF9pbmRleCUyMiUyMGZ1ZWwtaW5kZXglM0QlMjIxNi40MCUyMiUzRSUwQSUzQ3RkJTNFOC40MDAlM0MlMkZ0ZCUzRSUwQSUzQ3RkJTNFOC41OTklM0MlMkZ0ZCUzRSUwQSUzQ3RkJTNFMTYuNDAlMjUlM0MlMkZ0ZCUzRSUwQSUzQyUyRnRyJTNFJTBBJTNDdHIlMjBjbGFzcyUzRCUyMmZ1ZWxfaW5kZXglMjIlMjBmdWVsLWluZGV4JTNEJTIyMTcuMzAlMjIlM0UlMEElM0N0ZCUzRTguNjAwJTNDJTJGdGQlM0UlMEElM0N0ZCUzRTguNzk5JTNDJTJGdGQlM0UlMEElM0N0ZCUzRTE3LjMwJTI1JTNDJTJGdGQlM0UlMEElM0MlMkZ0ciUzRSUwQSUzQ3RyJTIwY2xhc3MlM0QlMjJmdWVsX2luZGV4JTIyJTIwZnVlbC1pbmRleCUzRCUyMjE4LjIwJTIyJTNFJTBBJTNDdGQlM0U4LjgwMCUzQyUyRnRkJTNFJTBBJTNDdGQlM0U4Ljk5OSUzQyUyRnRkJTNFJTBBJTNDdGQlM0UxOC4yMCUyNSUzQyUyRnRkJTNFJTBBJTNDJTJGdHIlM0UlMEElM0N0ciUyMGNsYXNzJTNEJTIyZnVlbF9pbmRleCUyMiUyMGZ1ZWwtaW5kZXglM0QlMjIxOS4xMCUyMiUzRSUwQSUzQ3RkJTNFOS4wMDAlM0MlMkZ0ZCUzRSUwQSUzQ3RkJTNFOS4xOTklM0MlMkZ0ZCUzRSUwQSUzQ3RkJTNFMTkuMTAlMjUlM0MlMkZ0ZCUzRSUwQSUzQyUyRnRyJTNFJTBBJTNDdHIlMjBjbGFzcyUzRCUyMmZ1ZWxfaW5kZXglMjIlMjBmdWVsLWluZGV4JTNEJTIyMjAuMDAlMjIlM0UlMEElM0N0ZCUzRTkuMjAwJTNDJTJGdGQlM0UlMEElM0N0ZCUzRTkuMzk5JTNDJTJGdGQlM0UlMEElM0N0ZCUzRTIwLjAwJTI1JTNDJTJGdGQlM0UlMEElM0MlMkZ0ciUzRSUwQSUzQ3RyJTIwY2xhc3MlM0QlMjJmdWVsX2luZGV4JTIyJTIwZnVlbC1pbmRleCUzRCUyMjIwLjkwJTIyJTNFJTBBJTNDdGQlM0U5LjQwMCUzQyUyRnRkJTNFJTBBJTNDdGQlM0U5LjU5OSUzQyUyRnRkJTNFJTBBJTNDdGQlM0UyMC45MCUyNSUzQyUyRnRkJTNFJTBBJTNDJTJGdHIlM0UlMEElM0N0ciUyMGNsYXNzJTNEJTIyZnVlbF9pbmRleCUyMiUyMGZ1ZWwtaW5kZXglM0QlMjIyMS44MCUyMiUzRSUwQSUzQ3RkJTNFOS42MDAlM0MlMkZ0ZCUzRSUwQSUzQ3RkJTNFOS43OTklM0MlMkZ0ZCUzRSUwQSUzQ3RkJTNFMjEuODAlMjUlM0MlMkZ0ZCUzRSUwQSUzQyUyRnRyJTNFJTBBJTNDdHIlMjBjbGFzcyUzRCUyMmZ1ZWxfaW5kZXglMjIlMjBmdWVsLWluZGV4JTNEJTIyMjIuNzAlMjIlM0UlMEElM0N0ZCUzRTkuODAwJTNDJTJGdGQlM0UlMEElM0N0ZCUzRTkuOTk5JTNDJTJGdGQlM0UlMEElM0N0ZCUzRTIyLjcwJTI1JTNDJTJGdGQlM0UlMEElM0MlMkZ0ciUzRSUwQSUzQ3RyJTIwY2xhc3MlM0QlMjJmdWVsX2luZGV4JTIyJTIwZnVlbC1pbmRleCUzRCUyMjIzLjYwJTIyJTNFJTBBJTNDdGQlM0UxMC4wMDAlM0MlMkZ0ZCUzRSUwQSUzQ3RkJTNFMTAuMTk5JTNDJTJGdGQlM0UlMEElM0N0ZCUzRTIzLjYwJTI1JTNDJTJGdGQlM0UlMEElM0MlMkZ0ciUzRSUwQSUzQyUyRnRib2R5JTNFJTBBJTNDJTJGdGFibGUlM0U=[\/vc_raw_html][vc_column_text]Az \u00dczemanyag-p\u00f3td\u00edj: \u2022 a h\u00f3nap els\u0151 3 munkanapj\u00e1n ker\u00fcl friss\u00edt\u00e9sre \u00e9s a h\u00f3nap v\u00e9g\u00e9ig \u00e9rv\u00e9nyes \u2022 \u00e9rv\u00e9nyes [&hellip;]<\/p>\n","protected":false},"author":32,"featured_media":0,"parent":0,"menu_order":0,"comment_status":"closed","ping_status":"closed","template":"","meta":{"footnotes":""},"class_list":["post-1009","page","type-page","status-publish","hentry"],"_links":{"self":[{"href":"https:\/\/www.cargus.ro\/hu\/wp-json\/wp\/v2\/pages\/1009","targetHints":{"allow":["GET"]}}],"collection":[{"href":"https:\/\/www.cargus.ro\/hu\/wp-json\/wp\/v2\/pages"}],"about":[{"href":"https:\/\/www.cargus.ro\/hu\/wp-json\/wp\/v2\/types\/page"}],"author":[{"embeddable":true,"href":"https:\/\/www.cargus.ro\/hu\/wp-json\/wp\/v2\/users\/32"}],"replies":[{"embeddable":true,"href":"https:\/\/www.cargus.ro\/hu\/wp-json\/wp\/v2\/comments?post=1009"}],"version-history":[{"count":19,"href":"https:\/\/www.cargus.ro\/hu\/wp-json\/wp\/v2\/pages\/1009\/revisions"}],"predecessor-version":[{"id":1081,"href":"https:\/\/www.cargus.ro\/hu\/wp-json\/wp\/v2\/pages\/1009\/revisions\/1081"}],"wp:attachment":[{"href":"https:\/\/www.cargus.ro\/hu\/wp-json\/wp\/v2\/media?parent=1009"}],"curies":[{"name":"wp","href":"https:\/\/api.w.org\/{rel}","templated":true}]}}