{"id":14,"date":"2023-02-14T09:19:16","date_gmt":"2023-02-14T09:19:16","guid":{"rendered":"https:\/\/www.cargus.ro\/hu\/?page_id=14"},"modified":"2025-03-18T09:27:37","modified_gmt":"2025-03-18T09:27:37","slug":"kapcsolat","status":"publish","type":"page","link":"https:\/\/www.cargus.ro\/hu\/kapcsolat\/","title":{"rendered":"KAPCSOLAT"},"content":{"rendered":"<p>[vc_section css=&#8221;.vc_custom_1684328827108{margin-top: 0px !important;padding-top: 0px !important;}&#8221;][vc_row el_class=&#8221;max_with_1200&#8243;][vc_column][vc_row_inner][vc_column_inner][vc_column_text css=&#8221;.vc_custom_1700639884700{margin-top: 0px !important;margin-bottom: 0px !important;padding-top: 0px !important;padding-bottom: 0px !important;}&#8221;]<\/p>\n<div class=\"contact_title\">El\u00e9rhet\u0151s\u00e9geink<\/div>\n<p>[\/vc_column_text][vc_raw_html css=&#8221;.vc_custom_1684328750094{margin-top: 0px !important;margin-bottom: 0px !important;padding-top: 0px !important;padding-bottom: 0px !important;}&#8221;]JTNDaHIlMjBjbGFzcyUzRCUyMmxpbmUlMjBsaW5lX2xlZnQlMjIlM0U=[\/vc_raw_html][\/vc_column_inner][\/vc_row_inner][\/vc_column][\/vc_row][vc_row el_class=&#8221;contact_footer_area&#8221; css=&#8221;.vc_custom_1685008719635{margin-right: 0px !important;margin-left: 0px !important;padding-right: 0px !important;padding-left: 0px !important;background-image: url(https:\/\/www.cargus.ro\/hu\/wp-content\/uploads\/sites\/10\/2023\/05\/contact-bg.png?id=914) !important;}&#8221;][vc_column][vc_row_inner el_class=&#8221;max_with_1200&#8243; css=&#8221;.vc_custom_1684330914875{margin-top: 0px !important;padding-top: 0px !important;}&#8221;][vc_column_inner width=&#8221;2\/5&#8243; css=&#8221;.vc_custom_1684330936601{margin-top: 0px !important;padding-top: 0px !important;}&#8221;][vc_raw_html]JTNDZGl2JTIwY2xhc3MlM0QlMjJjb250YWN0X3BhZ2UlMjBjb250YWN0X3BhZ2UxJTIyJTNFJTBBJTNDZGl2JTIwY2xhc3MlM0QlMjJjb250YWN0X3BhZ2VfbGVmdCUyMiUzRSUwQSUzQ2ltZyUyMHNyYyUzRCUyMiUyRndwLWNvbnRlbnQlMkZ1cGxvYWRzJTJGc2l0ZXMlMkY1JTJGMjAyMyUyRjA1JTJGR3JvdXAtOTMucG5nJTIyJTNFJTBBJTNDJTJGZGl2JTNFJTBBJTNDZGl2JTIwY2xhc3MlM0QlMjJjb250YWN0X3BhZ2VfcmlnaHQlMjIlM0UlMEElMjAlM0NkaXYlMjBjbGFzcyUzRCUyMmNvbnRhY3RfcGFnZV9xdWVzdGlvbiUyMiUzRVRlbGVmb25vcyUyMHNlZyVDMyVBRHRzJUMzJUE5Z255JUMzJUJBanQlQzMlQTFzJTIxJTNDJTJGZGl2JTNFJTBBJTIwJTNDZGl2JTIwY2xhc3MlM0QlMjJjb250YWN0X3BhZ2VfYW5zd2VyJTIyJTNFJTBBJTIwJTNDYSUyMGhyZWYlM0QlMjJ0ZWwlM0ElMkI0MCUyMDAyMSUyMDkzMzAlMjIlM0UlMkI0MCUyMDAyMSUyMDkzMzAlM0MlMkZhJTNFJTNDYnIlM0UlMEElMjAlM0NhJTIwaHJlZiUzRCUyMnRlbCUzQSUyQjQwJTIwMDIxJTIwOTI4MiUyMiUzRSUyQjQwJTIwMDIxJTIwOTI4MiUzQyUyRmElM0UlMEElMjAlM0MlMkZkaXYlM0UlMEElM0MlMkZkaXYlM0UlMEElM0MlMkZkaXYlM0UlMEElM0NkaXYlMjBjbGFzcyUzRCUyMmNsZWFyX2JvdGglMjIlM0UlM0MlMkZkaXYlM0U=[\/vc_raw_html][\/vc_column_inner][vc_column_inner width=&#8221;3\/5&#8243; css=&#8221;.vc_custom_1684330942925{margin-top: 0px !important;padding-top: 0px !important;}&#8221;][vc_raw_html]JTNDZGl2JTIwY2xhc3MlM0QlMjJjb250YWN0X3BhZ2UlMjBjb250YWN0X3BhZ2UyJTIyJTNFJTBBJTNDZGl2JTIwY2xhc3MlM0QlMjJjb250YWN0X3BhZ2VfbGVmdCUyMiUzRSUwQSUzQ2ltZyUyMHNyYyUzRCUyMiUyRndwLWNvbnRlbnQlMkZ1cGxvYWRzJTJGc2l0ZXMlMkY1JTJGMjAyMyUyRjA1JTJGR3JvdXAtOTEucG5nJTIyJTNFJTBBJTNDJTJGZGl2JTNFJTBBJTNDZGl2JTIwY2xhc3MlM0QlMjJjb250YWN0X3BhZ2VfcmlnaHQlMjIlM0UlMEElMjAlM0NkaXYlMjBjbGFzcyUzRCUyMmNvbnRhY3RfcGFnZV9xdWVzdGlvbiUyMiUzRUVsJUMzJUE5cmhldCVDNSU5MSUyMCUzQyUyRmRpdiUzRSUwQSUyMCUzQ2RpdiUyMGNsYXNzJTNEJTIyY29udGFjdF9wYWdlX2Fuc3dlciUyMiUzRSUwQUglQzMlQTl0ZiVDNSU5MSUyMCVFMiU4MCU5MyUyMHAlQzMlQTludGVrJTIwOCUzQTAwJUUyJTgwJTkzMjAlM0EwMCUzQ2JyJTNFJTBBU3pvbWJhdCUzQSUyMHolQzMlQTFydmElMjAlM0NiciUzRSUwQVZhcyVDMyVBMXJuYXAlM0ElMjB6JUMzJUExcnZhJTBBJTIwJTNDJTJGZGl2JTNFJTBBJTNDJTJGZGl2JTNFJTBBJTNDJTJGZGl2JTNFJTBBJTNDZGl2JTIwY2xhc3MlM0QlMjJjbGVhcl9ib3RoJTIyJTNFJTNDJTJGZGl2JTNF[\/vc_raw_html][\/vc_column_inner][\/vc_row_inner][vc_row_inner el_class=&#8221;max_with_1200&#8243; css=&#8221;.vc_custom_1684330914875{margin-top: 0px !important;padding-top: 0px !important;}&#8221;][vc_column_inner css=&#8221;.vc_custom_1684330936601{margin-top: 0px !important;padding-top: 0px !important;}&#8221;][vc_raw_html]JTNDZGl2JTIwY2xhc3MlM0QlMjJjb250YWN0X3BhZ2UlMjBjb250YWN0X3BhZ2UzJTIyJTNFJTBBJTNDZGl2JTIwY2xhc3MlM0QlMjJjb250YWN0X3BhZ2VfbGVmdCUyMiUzRSUwQSUzQ2ltZyUyMHNyYyUzRCUyMiUyRndwLWNvbnRlbnQlMkZ1cGxvYWRzJTJGc2l0ZXMlMkY1JTJGMjAyMyUyRjA1JTJGR3JvdXAtMS5wbmclMjIlM0UlMEElM0MlMkZkaXYlM0UlMEElM0NkaXYlMjBjbGFzcyUzRCUyMmNvbnRhY3RfcGFnZV9yaWdodCUyMiUzRSUwQSUyMCUzQ2RpdiUyMGNsYXNzJTNEJTIyY29udGFjdF9wYWdlX2FkZHJlc3MlMjIlM0VDQVJHVVMlMjBTLlIuTC4lMjAlMjhLRlQlMjklMjBMRVZFTEVaJUMzJTg5U0klMjBDJUMzJThETSUzQyUyRmRpdiUzRSUwQSUzQyUyRmRpdiUzRSUwQSUzQyUyRmRpdiUzRSUwQSUzQ2RpdiUyMGNsYXNzJTNEJTIyY2xlYXJfYm90aCUyMiUzRSUzQyUyRmRpdiUzRQ==[\/vc_raw_html][\/vc_column_inner][\/vc_row_inner][vc_row_inner el_class=&#8221;max_with_1200&#8243; css=&#8221;.vc_custom_1684330914875{margin-top: 0px !important;padding-top: 0px !important;}&#8221;][vc_column_inner width=&#8221;2\/5&#8243; css=&#8221;.vc_custom_1684330936601{margin-top: 0px !important;padding-top: 0px !important;}&#8221;][vc_raw_html]JTNDZGl2JTIwY2xhc3MlM0QlMjJjb250YWN0X3BhZ2UlMjBjb250YWN0X3BhZ2U0JTIyJTNFJTBBJTNDZGl2JTIwY2xhc3MlM0QlMjJjb250YWN0X3BhZ2VfbGVmdCUyMiUzRSUwQSUzQyUyRmRpdiUzRSUwQSUzQ2RpdiUyMGNsYXNzJTNEJTIyY29udGFjdF9wYWdlX3JpZ2h0JTIyJTNFJTBBJTIwJTNDZGl2JTIwY2xhc3MlM0QlMjJjb250YWN0X3BhZ2VfcXVlc3Rpb24lMjIlM0VUJUMzJUExcnNhcyVDMyVBMWdpJTIwc3olQzMlQTlraGVseSUzQSUzQyUyRmRpdiUzRSUwQSUyMCUzQ2RpdiUyMGNsYXNzJTNEJTIyY29udGFjdF9wYWdlX2Fuc3dlciUyMiUzRSUwQUolQzMlQkFuaXVzJTIwdXRjYSUyMDE0LiUyMHN6JUMzJUExbSUyMCUyOHN0cmFkYSUyMEl1bmllJTIwbnIuJTIwMTQlMjklMkMlMjBCdWthcmVzdCUyMCUyOEJ1Y3VyZSVDOCU5OXRpJTI5JTJDJTIwUm9tJUMzJUExbmlhJTIwJTNDYnIlM0UlMEFJciVDMyVBMW55JUMzJUFEdCVDMyVCM3N6JUMzJUExbSUzQSUyMDA0MDE3MiUyQyUyMCUzQ2JyJTNFJTBBQWQlQzMlQjNzeiVDMyVBMW0lMjAlMjhVSUMlMjklM0ElMjBSTzM1NDE5MDYlMjAlM0NiciUzRSUwQUMlQzMlQTlnamVneXolQzMlQTlraSUyMHN6JUMzJUExbSUyMCUyOFJDJTI5JTNBJTIwSjIwMjIwMDQ4OTI0MDclMEElMjAlM0MlMkZkaXYlM0UlMEElM0MlMkZkaXYlM0UlMEElM0MlMkZkaXYlM0UlMEElM0NkaXYlMjBjbGFzcyUzRCUyMmNsZWFyX2JvdGglMjIlM0UlM0MlMkZkaXYlM0U=[\/vc_raw_html][\/vc_column_inner][vc_column_inner width=&#8221;3\/5&#8243; css=&#8221;.vc_custom_1684330942925{margin-top: 0px !important;padding-top: 0px !important;}&#8221;][vc_raw_html]JTNDZGl2JTIwY2xhc3MlM0QlMjJjb250YWN0X3BhZ2UlMjBjb250YWN0X3BhZ2U1JTIyJTNFJTBBJTNDZGl2JTIwY2xhc3MlM0QlMjJjb250YWN0X3BhZ2VfbGVmdCUyMiUzRSUwQSUzQyUyRmRpdiUzRSUwQSUzQ2RpdiUyMGNsYXNzJTNEJTIyY29udGFjdF9wYWdlX3JpZ2h0JTIyJTNFJTBBJTIwJTNDZGl2JTIwY2xhc3MlM0QlMjJjb250YWN0X3BhZ2VfcXVlc3Rpb24lMjIlM0VNdW5rYXBvbnQlM0ElM0MlMkZkaXYlM0UlMEElMjAlM0NkaXYlMjBjbGFzcyUzRCUyMmNvbnRhY3RfcGFnZV9hbnN3ZXIlMjIlM0UlMEFNJUM0JTgzZ3VyZWxlJTJDJTIwQXRvbWklQzglOTl0aWxvciUyMHV0Y2ElMjA5OSUyMCVFMiU4MCU5MyUyMDExNS4lMjBzeiVDMyVBMW0lMkMlMjBDMS1lcyUyMHQlQzMlQjZtYmglQzMlQTF6JTJDJTIwJTNDYnIlM0UlMEFJbGZvdiUyMG1lZ3llJTJDJTIwUm9tJUMzJUExbmlhJTJDJTIwJTNDYnIlM0UlMEFJciVDMyVBMW55JUMzJUFEdCVDMyVCM3N6JUMzJUExbSUzQSUyMDA3NzEyNSUwQSUyMCUzQyUyRmRpdiUzRSUwQSUzQyUyRmRpdiUzRSUwQSUzQyUyRmRpdiUzRSUwQSUzQ2RpdiUyMGNsYXNzJTNEJTIyY2xlYXJfYm90aCUyMiUzRSUzQyUyRmRpdiUzRQ==[\/vc_raw_html][\/vc_column_inner][\/vc_row_inner]<div  class=\"wpb_content_element   clearfix\"><style type=\"text\/css\">#ut_am_69d9b7d247f10 { opacity: 1; }#ut_am_wrap_69d9b7d247f11 .ut-image-gallery-item-caption-title h3 { letter-spacing: 0em; }#ut_am_wrap_69d9b7d247f11 .ut-gallery-slider-caption { font-weight: bold; }#ut_am_wrap_69d9b7d247f11 { text-align: center; }@media (min-width: 768px) and (max-width: 1024px) { #ut_am_wrap_69d9b7d247f11 { text-align: center !important; } }@media (max-width: 767px) { #ut_am_wrap_69d9b7d247f11 { text-align: center !important; } }<\/style><div id=\"ut_am_wrap_69d9b7d247f11\" class=\"ut-image-gallery-image contact_mobile_image\"><div id=\"ut_reveal_69d9b7d247f12\"  data-appear-top-offset=\"auto\" class=\"ut-animated-image-item ut-image-gallery-item ut-animation-done \"><a class=\"ut-deactivated-link\" href=\"#\"><div class=\"ut-animated-image-zoom\"><img loading=\"lazy\" decoding=\"async\" class=\"ut-lazy skip-lazy ut-animated-image \"  id=\"ut_am_69d9b7d247f10\" src=\"data:image\/svg+xml;charset=utf-8,%3Csvg xmlns%3D'http%3A%2F%2Fwww.w3.org%2F2000%2Fsvg' viewBox%3D'0 0 1996 600'%2F%3E\" data-src=\"https:\/\/www.cargus.ro\/hu\/wp-content\/uploads\/sites\/10\/2023\/05\/mobile1.png\" width=\"1996\" height=\"600\" alt=\"\"\/><\/div><\/a><\/div><\/div><\/div>[\/vc_column][\/vc_row][\/vc_section]<\/p>\n","protected":false},"excerpt":{"rendered":"<p>[vc_section css=&#8221;.vc_custom_1684328827108{margin-top: 0px !important;padding-top: 0px !important;}&#8221;][vc_row el_class=&#8221;max_with_1200&#8243;][vc_column][vc_row_inner][vc_column_inner][vc_column_text css=&#8221;.vc_custom_1700639884700{margin-top: 0px !important;margin-bottom: 0px !important;padding-top: 0px !important;padding-bottom: 0px !important;}&#8221;] El\u00e9rhet\u0151s\u00e9geink [\/vc_column_text][vc_raw_html css=&#8221;.vc_custom_1684328750094{margin-top: 0px !important;margin-bottom: 0px !important;padding-top: 0px !important;padding-bottom: 0px !important;}&#8221;]JTNDaHIlMjBjbGFzcyUzRCUyMmxpbmUlMjBsaW5lX2xlZnQlMjIlM0U=[\/vc_raw_html][\/vc_column_inner][\/vc_row_inner][\/vc_column][\/vc_row][vc_row el_class=&#8221;contact_footer_area&#8221; css=&#8221;.vc_custom_1685008719635{margin-right: 0px !important;margin-left: 0px !important;padding-right: 0px !important;padding-left: 0px !important;background-image: url(https:\/\/www.cargus.ro\/hu\/wp-content\/uploads\/sites\/10\/2023\/05\/contact-bg.png?id=914) !important;}&#8221;][vc_column][vc_row_inner el_class=&#8221;max_with_1200&#8243; css=&#8221;.vc_custom_1684330914875{margin-top: 0px !important;padding-top: 0px !important;}&#8221;][vc_column_inner width=&#8221;2\/5&#8243; css=&#8221;.vc_custom_1684330936601{margin-top: 0px !important;padding-top: 0px !important;}&#8221;][vc_raw_html]JTNDZGl2JTIwY2xhc3MlM0QlMjJjb250YWN0X3BhZ2UlMjBjb250YWN0X3BhZ2UxJTIyJTNFJTBBJTNDZGl2JTIwY2xhc3MlM0QlMjJjb250YWN0X3BhZ2VfbGVmdCUyMiUzRSUwQSUzQ2ltZyUyMHNyYyUzRCUyMiUyRndwLWNvbnRlbnQlMkZ1cGxvYWRzJTJGc2l0ZXMlMkY1JTJGMjAyMyUyRjA1JTJGR3JvdXAtOTMucG5nJTIyJTNFJTBBJTNDJTJGZGl2JTNFJTBBJTNDZGl2JTIwY2xhc3MlM0QlMjJjb250YWN0X3BhZ2VfcmlnaHQlMjIlM0UlMEElMjAlM0NkaXYlMjBjbGFzcyUzRCUyMmNvbnRhY3RfcGFnZV9xdWVzdGlvbiUyMiUzRVRlbGVmb25vcyUyMHNlZyVDMyVBRHRzJUMzJUE5Z255JUMzJUJBanQlQzMlQTFzJTIxJTNDJTJGZGl2JTNFJTBBJTIwJTNDZGl2JTIwY2xhc3MlM0QlMjJjb250YWN0X3BhZ2VfYW5zd2VyJTIyJTNFJTBBJTIwJTNDYSUyMGhyZWYlM0QlMjJ0ZWwlM0ElMkI0MCUyMDAyMSUyMDkzMzAlMjIlM0UlMkI0MCUyMDAyMSUyMDkzMzAlM0MlMkZhJTNFJTNDYnIlM0UlMEElMjAlM0NhJTIwaHJlZiUzRCUyMnRlbCUzQSUyQjQwJTIwMDIxJTIwOTI4MiUyMiUzRSUyQjQwJTIwMDIxJTIwOTI4MiUzQyUyRmElM0UlMEElMjAlM0MlMkZkaXYlM0UlMEElM0MlMkZkaXYlM0UlMEElM0MlMkZkaXYlM0UlMEElM0NkaXYlMjBjbGFzcyUzRCUyMmNsZWFyX2JvdGglMjIlM0UlM0MlMkZkaXYlM0U=[\/vc_raw_html][\/vc_column_inner][vc_column_inner width=&#8221;3\/5&#8243; css=&#8221;.vc_custom_1684330942925{margin-top: 0px !important;padding-top: [&hellip;]<\/p>\n","protected":false},"author":32,"featured_media":0,"parent":0,"menu_order":0,"comment_status":"closed","ping_status":"closed","template":"","meta":{"footnotes":""},"class_list":["post-14","page","type-page","status-publish","hentry"],"_links":{"self":[{"href":"https:\/\/www.cargus.ro\/hu\/wp-json\/wp\/v2\/pages\/14","targetHints":{"allow":["GET"]}}],"collection":[{"href":"https:\/\/www.cargus.ro\/hu\/wp-json\/wp\/v2\/pages"}],"about":[{"href":"https:\/\/www.cargus.ro\/hu\/wp-json\/wp\/v2\/types\/page"}],"author":[{"embeddable":true,"href":"https:\/\/www.cargus.ro\/hu\/wp-json\/wp\/v2\/users\/32"}],"replies":[{"embeddable":true,"href":"https:\/\/www.cargus.ro\/hu\/wp-json\/wp\/v2\/comments?post=14"}],"version-history":[{"count":71,"href":"https:\/\/www.cargus.ro\/hu\/wp-json\/wp\/v2\/pages\/14\/revisions"}],"predecessor-version":[{"id":1097,"href":"https:\/\/www.cargus.ro\/hu\/wp-json\/wp\/v2\/pages\/14\/revisions\/1097"}],"wp:attachment":[{"href":"https:\/\/www.cargus.ro\/hu\/wp-json\/wp\/v2\/media?parent=14"}],"curies":[{"name":"wp","href":"https:\/\/api.w.org\/{rel}","templated":true}]}}