{"id":1009,"date":"2023-11-01T12:21:56","date_gmt":"2023-11-01T12:21:56","guid":{"rendered":"https:\/\/www.cargus.ro\/pl\/?page_id=1009"},"modified":"2024-09-26T09:07:57","modified_gmt":"2024-09-26T09:07:57","slug":"oplata-paliwowa","status":"publish","type":"page","link":"https:\/\/www.cargus.ro\/pl\/oplata-paliwowa\/","title":{"rendered":"Op\u0142ata Paliwowa"},"content":{"rendered":"<p>[vc_row el_class=&#8221;index_fuel&#8221;][vc_column][vc_column_text]Cargus stosuje op\u0142at\u0119 paliwow\u0105, kt\u00f3ra jest ustalana na podstawie \u015bredniej ceny oleju nap\u0119dowego w poprzednim miesi\u0105cu, zgodnie z witryn\u0105 <a href=\"https:\/\/www.peco-online.ro\/istoric.php\">https:\/\/www.peco-online.ro\/istoric.php<\/a> i poni\u017csz\u0105 tabel\u0105.<\/p>\n<p data-kb-block=\"kb-adv-heading16602_46d503-33\"><span class=\"TextRun SCXW203589013 BCX0\" lang=\"RO-RO\" xml:lang=\"RO-RO\" data-contrast=\"auto\"><span class=\"NormalTextRun SpellingErrorV2Themed SCXW203589013 BCX0\">\u015arednia<\/span> <span class=\"NormalTextRun SpellingErrorV2Themed SCXW203589013 BCX0\">cena<\/span> <span class=\"NormalTextRun SpellingErrorV2Themed SCXW203589013 BCX0\">oleju<\/span> <span class=\"NormalTextRun SpellingErrorV2Themed SCXW203589013 BCX0\">nap\u0119dowego<\/span><span class=\"NormalTextRun SCXW203589013 BCX0\"> za Marsz <\/span>\u00a0<span class=\"NormalTextRun SpellingErrorV2Themed SCXW203589013 BCX0\">wynosi\u0142a<\/span><span class=\"NormalTextRun SCXW203589013 BCX0\">: 7.67 RON (bez VAT)<\/span><\/span><span class=\"EOP SCXW203589013 BCX0\" data-ccp-props=\"{&quot;201341983&quot;:0,&quot;335559739&quot;:160,&quot;335559740&quot;:259}\">\u00a0<\/span><\/p>\n<p data-kb-block=\"kb-adv-heading16602_46d503-33\"><strong><span class=\"TextRun SCXW20217547 BCX0\" lang=\"RO-RO\" xml:lang=\"RO-RO\" data-contrast=\"auto\"><span class=\"NormalTextRun SpellingErrorV2Themed SCXW20217547 BCX0\">Odpowiednia<\/span> <span class=\"NormalTextRun SpellingErrorV2Themed SCXW20217547 BCX0\">op\u0142ata<\/span> <span class=\"NormalTextRun SpellingErrorV2Themed SCXW20217547 BCX0\">paliwowa<\/span><span class=\"NormalTextRun SCXW20217547 BCX0\"> za Kwiecie\u0144 <\/span>\u00a0<span class=\"NormalTextRun SpellingErrorV2Themed SCXW20217547 BCX0\">wynosi<\/span><span class=\"NormalTextRun SCXW20217547 BCX0\">: 16.40 %<\/span><\/span><span class=\"EOP SCXW20217547 BCX0\" data-ccp-props=\"{&quot;201341983&quot;:0,&quot;335559739&quot;:160,&quot;335559740&quot;:259}\">\u00a0<\/span><\/strong><\/p>\n<p>[\/vc_column_text][vc_raw_html]JTNDc3R5bGUlM0UlMEF0YWJsZS5pbmRleC1jb21idXNpdGJpbCUyMHRkJTdCJTBBJTIwJTIwYm9yZGVyLWJvdHRvbSUzQSUyMDFweCUyMHNvbGlkJTIwJTIzZGRkJTNCJTBBJTIwJTIwJTIwJTIwcGFkZGluZyUzQSUyMDEwcHglM0IlMEElN0QlMEElMEF0YWJsZS5pbmRleC1jb21idXNpdGJpbCUyMHRyJTNBbGFzdC1jaGlsZCUyMHRkJTdCJTBBJTIwJTIwYm9yZGVyLWJvdHRvbSUzQSUyMG5vbmUlM0IlMEElN0QlMEEudHJtZF9ib2xkJTIwdGQlMjAlN0IlMEElMjAlMjBmb250LXdlaWdodCUzQSUyMDcwMCUzQiUwQSU3RCUwQSU0MG1lZGlhJTIwJTI4bWF4LXdpZHRoJTNBJTIwNzY4cHglMjklMjAlN0IlMEElMjB0YWJsZS5pbmRleC1jb21idXNpdGJpbCUyMCU3QiUwQSUyMCUyMCUyMGRpc3BsYXklM0ElMjBibG9jayUzQiUwQSUyMCUyMCUyMCUyMG92ZXJmbG93LXglM0ElMjBhdXRvJTNCJTBBJTIwJTIwJTdEJTBBJTdEJTBBJTNDJTJGc3R5bGUlM0UlMEElM0NzY3JpcHQlM0UlMEFqUXVlcnklMjhkb2N1bWVudCUyOS5yZWFkeSUyOGZ1bmN0aW9uJTI4JTI0JTI5JTdCJTBBbGV0JTIwZnVlbF9pbmRleCUyMCUzRCUyMCUyNCUyOCUyN3RhYmxlLmluZGV4LWNvbWJ1c2l0YmlsJTI3JTI5LmF0dHIlMjglMjdmdWVsLWluZGV4LXZhbHVlJTI3JTI5JTNCJTBBJTI0JTI4JTI3dHIuZnVlbF9pbmRleCUyNyUyOS5lYWNoJTI4ZnVuY3Rpb24lMjglMjklN0IlMEElMjAlMjBpZiUyOCUyNCUyOHRoaXMlMjkuYXR0ciUyOCUyN2Z1ZWwtaW5kZXglMjclMjklMjAlM0QlM0QlMjBmdWVsX2luZGV4JTI5JTdCJTBBJTIwJTIwJTIwJTIwJTI0JTI4dGhpcyUyOS5hZGRDbGFzcyUyOCUyN3RybWRfYm9sZCUyNyUyOSUzQiUwQSUyMCUyMCU3RGVsc2UlN0IlMEElMjAlMjAlMjAlMjAlMjQlMjh0aGlzJTI5LnJlbW92ZUNsYXNzJTI4JTI3dHJtZF9ib2xkJTI3JTI5JTNCJTBBJTIwJTIwJTdEJTBBJTdEJTI5JTNCJTBBJTdEJTI5JTNCJTBBJTNDJTJGc2NyaXB0JTNFJTBBJTNDdGFibGUlMjBjbGFzcyUzRCUyN2luZGV4LWNvbWJ1c2l0YmlsJTI3JTIwc3R5bGUlM0QlMjJmb250LXdlaWdodCUzQSUyMDQwMCUzQiUyMHdpZHRoJTNBMTAwJTI1JTNCJTIwYm9yZGVyJTNBMXB4JTIwc29saWQlMjAlMjNkZGQlM0IlMjBib3JkZXItcmFkaXVzJTNBOHB4JTNCJTIyJTIwZnVlbC1pbmRleC12YWx1ZSUzRCU1QmdldF9mdWVsX2luZGV4JTVEJTNFJTBBJTNDdGJvZHklM0UlMEElM0N0ciUzRSUwQSUzQ3RkJTIwY29sc3BhbiUzRCUyMjMlMjIlM0UlM0NzdHJvbmclM0VQcnplZHppYSVDNSU4MiUyMCVDNSU5QnJlZG5pZWolMjBjZW55JTIwb2xlanUlMjBuYXAlQzQlOTlkb3dlZ28lMjAlMjhiZXolMjBWQVQlMjklM0MlMkZzdHJvbmclM0UlM0MlMkZ0ZCUzRSUwQSUzQyUyRnRyJTNFJTBBJTNDdHIlM0UlMEElM0N0ZCUyMHdpZHRoJTNEJTIyMjUlMjUlMjIlM0UlM0NzdHJvbmclM0VPZCUzQyUyRnN0cm9uZyUzRSUzQyUyRnRkJTNFJTBBJTNDdGQlMjB3aWR0aCUzRCUyMjI1JTI1JTIyJTNFJTNDc3Ryb25nJTNFRG8lM0MlMkZzdHJvbmclM0UlM0MlMkZ0ZCUzRSUwQSUzQ3RkJTIwd2lkdGglM0QlMjI1MCUyNSUyMiUzRSUzQ3N0cm9uZyUzRU9wJUM1JTgyYXRhJTIwcGFsaXdvd2ElMjBvYmNpJUM0JTg1JUM1JUJDYWolQzQlODVjYSUyMGtsaWVudGElMjAlMjhGU0MlMjklM0MlMkZzdHJvbmclM0UlM0MlMkZ0ZCUzRSUwQSUzQyUyRnRyJTNFJTBBJTNDdHIlMjBjbGFzcyUzRCUyMmZ1ZWxfaW5kZXglMjIlMjBmdWVsLWluZGV4JTNEJTIyMC44MCUyMiUzRSUwQSUzQ3RkJTNFMC4wMDAlM0MlMkZ0ZCUzRSUwQSUzQ3RkJTNFMy45OTklM0MlMkZ0ZCUzRSUwQSUzQ3RkJTNFMC44MCUyNSUzQyUyRnRkJTNFJTBBJTNDJTJGdHIlM0UlMEElM0N0ciUyMGNsYXNzJTNEJTIyZnVlbF9pbmRleCUyMiUyMGZ1ZWwtaW5kZXglM0QlMjIxLjAwJTIyJTNFJTBBJTNDdGQlM0U0LjAwMCUzQyUyRnRkJTNFJTBBJTNDdGQlM0U0LjE5OSUzQyUyRnRkJTNFJTBBJTNDdGQlM0UxLjAwJTI1JTNDJTJGdGQlM0UlMEElM0MlMkZ0ciUzRSUwQSUzQ3RyJTIwY2xhc3MlM0QlMjJmdWVsX2luZGV4JTIyJTIwZnVlbC1pbmRleCUzRCUyMjEuMjAlMjIlM0UlMEElM0N0ZCUzRTQuMjAwJTNDJTJGdGQlM0UlMEElM0N0ZCUzRTQuMzk5JTNDJTJGdGQlM0UlMEElM0N0ZCUzRTEuMjAlMjUlM0MlMkZ0ZCUzRSUwQSUzQyUyRnRyJTNFJTBBJTNDdHIlMjBjbGFzcyUzRCUyMmZ1ZWxfaW5kZXglMjIlMjBmdWVsLWluZGV4JTNEJTIyMS40MCUyMiUzRSUwQSUzQ3RkJTNFNC40MDAlM0MlMkZ0ZCUzRSUwQSUzQ3RkJTNFNC41OTklM0MlMkZ0ZCUzRSUwQSUzQ3RkJTNFMS40MCUyNSUzQyUyRnRkJTNFJTBBJTNDJTJGdHIlM0UlMEElM0N0ciUyMGNsYXNzJTNEJTIyZnVlbF9pbmRleCUyMiUyMGZ1ZWwtaW5kZXglM0QlMjIxLjYwJTIyJTNFJTBBJTNDdGQlM0U0LjYwMCUzQyUyRnRkJTNFJTBBJTNDdGQlM0U0Ljc5OSUzQyUyRnRkJTNFJTBBJTNDdGQlM0UxLjYwJTI1JTNDJTJGdGQlM0UlMEElM0MlMkZ0ciUzRSUwQSUzQ3RyJTIwY2xhc3MlM0QlMjJmdWVsX2luZGV4JTIyJTIwZnVlbC1pbmRleCUzRCUyMjEuODAlMjIlM0UlMEElM0N0ZCUzRTQuODAwJTNDJTJGdGQlM0UlMEElM0N0ZCUzRTQuOTk5JTNDJTJGdGQlM0UlMEElM0N0ZCUzRTEuODAlMjUlM0MlMkZ0ZCUzRSUwQSUzQyUyRnRyJTNFJTBBJTNDdHIlMjBjbGFzcyUzRCUyMmZ1ZWxfaW5kZXglMjIlMjBmdWVsLWluZGV4JTNEJTIyMi4yMCUyMiUzRSUwQSUzQ3RkJTNFNS4wMDAlM0MlMkZ0ZCUzRSUwQSUzQ3RkJTNFNS4xOTklM0MlMkZ0ZCUzRSUwQSUzQ3RkJTNFMi4yMCUyNSUzQyUyRnRkJTNFJTBBJTNDJTJGdHIlM0UlMEElM0N0ciUyMGNsYXNzJTNEJTIyZnVlbF9pbmRleCUyMiUyMGZ1ZWwtaW5kZXglM0QlMjIyLjYwJTIyJTNFJTBBJTNDdGQlM0U1LjIwMCUzQyUyRnRkJTNFJTBBJTNDdGQlM0U1LjM5OSUzQyUyRnRkJTNFJTBBJTNDdGQlM0UyLjYwJTI1JTNDJTJGdGQlM0UlMEElM0MlMkZ0ciUzRSUwQSUzQ3RyJTIwY2xhc3MlM0QlMjJmdWVsX2luZGV4JTIyJTIwZnVlbC1pbmRleCUzRCUyMjMuMDAlMjIlM0UlMEElM0N0ZCUzRTUuNDAwJTNDJTJGdGQlM0UlMEElM0N0ZCUzRTUuNTk5JTNDJTJGdGQlM0UlMEElM0N0ZCUzRTMuMDAlMjUlM0MlMkZ0ZCUzRSUwQSUzQyUyRnRyJTNFJTBBJTNDdHIlMjBjbGFzcyUzRCUyMmZ1ZWxfaW5kZXglMjIlMjBmdWVsLWluZGV4JTNEJTIyMy44MCUyMiUzRSUwQSUzQ3RkJTNFNS42MDAlM0MlMkZ0ZCUzRSUwQSUzQ3RkJTNFNS43OTklM0MlMkZ0ZCUzRSUwQSUzQ3RkJTNFMy44MCUyNSUzQyUyRnRkJTNFJTBBJTNDJTJGdHIlM0UlMEElM0N0ciUyMGNsYXNzJTNEJTIyZnVlbF9pbmRleCUyMiUyMGZ1ZWwtaW5kZXglM0QlMjI0LjcwJTIyJTNFJTBBJTNDdGQlM0U1LjgwMCUzQyUyRnRkJTNFJTBBJTNDdGQlM0U1Ljk5OSUzQyUyRnRkJTNFJTBBJTNDdGQlM0U0LjcwJTI1JTNDJTJGdGQlM0UlMEElM0MlMkZ0ciUzRSUwQSUzQ3RyJTIwY2xhc3MlM0QlMjJmdWVsX2luZGV4JTIyJTIwZnVlbC1pbmRleCUzRCUyMjUuNjAlMjIlM0UlMEElM0N0ZCUzRTYuMDAwJTNDJTJGdGQlM0UlMEElM0N0ZCUzRTYuMTk5JTNDJTJGdGQlM0UlMEElM0N0ZCUzRTUuNjAlMjUlM0MlMkZ0ZCUzRSUwQSUzQyUyRnRyJTNFJTBBJTNDdHIlMjBjbGFzcyUzRCUyMmZ1ZWxfaW5kZXglMjIlMjBmdWVsLWluZGV4JTNEJTIyNi41MCUyMiUzRSUwQSUzQ3RkJTNFNi4yMDAlM0MlMkZ0ZCUzRSUwQSUzQ3RkJTNFNi4zOTklM0MlMkZ0ZCUzRSUwQSUzQ3RkJTNFNi41MCUyNSUzQyUyRnRkJTNFJTBBJTNDJTJGdHIlM0UlMEElM0N0ciUyMGNsYXNzJTNEJTIyZnVlbF9pbmRleCUyMiUyMGZ1ZWwtaW5kZXglM0QlMjI3LjQwJTIyJTNFJTBBJTNDdGQlM0U2LjQwMCUzQyUyRnRkJTNFJTBBJTNDdGQlM0U2LjU5OSUzQyUyRnRkJTNFJTBBJTNDdGQlM0U3LjQwJTI1JTNDJTJGdGQlM0UlMEElM0MlMkZ0ciUzRSUwQSUzQ3RyJTIwY2xhc3MlM0QlMjJmdWVsX2luZGV4JTIyJTIwZnVlbC1pbmRleCUzRCUyMjguMzAlMjIlM0UlMEElM0N0ZCUzRTYuNjAwJTNDJTJGdGQlM0UlMEElM0N0ZCUzRTYuNzk5JTNDJTJGdGQlM0UlMEElM0N0ZCUzRTguMzAlMjUlM0MlMkZ0ZCUzRSUwQSUzQyUyRnRyJTNFJTBBJTNDdHIlMjBjbGFzcyUzRCUyMmZ1ZWxfaW5kZXglMjIlMjBmdWVsLWluZGV4JTNEJTIyOS4yMCUyMiUzRSUwQSUzQ3RkJTNFNi44MDAlM0MlMkZ0ZCUzRSUwQSUzQ3RkJTNFNi45OTklM0MlMkZ0ZCUzRSUwQSUzQ3RkJTNFOS4yMCUyNSUzQyUyRnRkJTNFJTBBJTNDJTJGdHIlM0UlMEElM0N0ciUyMGNsYXNzJTNEJTIyZnVlbF9pbmRleCUyMiUyMGZ1ZWwtaW5kZXglM0QlMjIxMC4xMCUyMiUzRSUwQSUzQ3RkJTNFNy4wMDAlM0MlMkZ0ZCUzRSUwQSUzQ3RkJTNFNy4xOTklM0MlMkZ0ZCUzRSUwQSUzQ3RkJTNFMTAuMTAlMjUlM0MlMkZ0ZCUzRSUwQSUzQyUyRnRyJTNFJTBBJTNDdHIlMjBjbGFzcyUzRCUyMmZ1ZWxfaW5kZXglMjIlMjBmdWVsLWluZGV4JTNEJTIyMTEuMDAlMjIlM0UlMEElM0N0ZCUzRTcuMjAwJTNDJTJGdGQlM0UlMEElM0N0ZCUzRTcuMzk5JTNDJTJGdGQlM0UlMEElM0N0ZCUzRTExLjAwJTI1JTNDJTJGdGQlM0UlMEElM0MlMkZ0ciUzRSUwQSUzQ3RyJTIwY2xhc3MlM0QlMjJmdWVsX2luZGV4JTIyJTIwZnVlbC1pbmRleCUzRCUyMjExLjkwJTIyJTNFJTBBJTNDdGQlM0U3LjQwMCUzQyUyRnRkJTNFJTBBJTNDdGQlM0U3LjU5OSUzQyUyRnRkJTNFJTBBJTNDdGQlM0UxMS45MCUyNSUzQyUyRnRkJTNFJTBBJTNDJTJGdHIlM0UlMEElM0N0ciUyMGNsYXNzJTNEJTIyZnVlbF9pbmRleCUyMiUyMGZ1ZWwtaW5kZXglM0QlMjIxMi44MCUyMiUzRSUwQSUzQ3RkJTNFNy42MDAlM0MlMkZ0ZCUzRSUwQSUzQ3RkJTNFNy43OTklM0MlMkZ0ZCUzRSUwQSUzQ3RkJTNFMTIuODAlMjUlM0MlMkZ0ZCUzRSUwQSUzQyUyRnRyJTNFJTBBJTNDdHIlMjBjbGFzcyUzRCUyMmZ1ZWxfaW5kZXglMjIlMjBmdWVsLWluZGV4JTNEJTIyMTMuNzAlMjIlM0UlMEElM0N0ZCUzRTcuODAwJTNDJTJGdGQlM0UlMEElM0N0ZCUzRTcuOTk5JTNDJTJGdGQlM0UlMEElM0N0ZCUzRTEzLjcwJTI1JTNDJTJGdGQlM0UlMEElM0MlMkZ0ciUzRSUwQSUzQ3RyJTIwY2xhc3MlM0QlMjJmdWVsX2luZGV4JTIyJTIwZnVlbC1pbmRleCUzRCUyMjE0LjYwJTIyJTNFJTBBJTNDdGQlM0U4LjAwMCUzQyUyRnRkJTNFJTBBJTNDdGQlM0U4LjE5OSUzQyUyRnRkJTNFJTBBJTNDdGQlM0UxNC42MCUyNSUzQyUyRnRkJTNFJTBBJTNDJTJGdHIlM0UlMEElM0N0ciUyMGNsYXNzJTNEJTIyZnVlbF9pbmRleCUyMiUyMGZ1ZWwtaW5kZXglM0QlMjIxNS41MCUyMiUzRSUwQSUzQ3RkJTNFOC4yMDAlM0MlMkZ0ZCUzRSUwQSUzQ3RkJTNFOC4zOTklM0MlMkZ0ZCUzRSUwQSUzQ3RkJTNFMTUuNTAlMjUlM0MlMkZ0ZCUzRSUwQSUzQyUyRnRyJTNFJTBBJTNDdHIlMjBjbGFzcyUzRCUyMmZ1ZWxfaW5kZXglMjIlMjBmdWVsLWluZGV4JTNEJTIyMTYuNDAlMjIlM0UlMEElM0N0ZCUzRTguNDAwJTNDJTJGdGQlM0UlMEElM0N0ZCUzRTguNTk5JTNDJTJGdGQlM0UlMEElM0N0ZCUzRTE2LjQwJTI1JTNDJTJGdGQlM0UlMEElM0MlMkZ0ciUzRSUwQSUzQ3RyJTIwY2xhc3MlM0QlMjJmdWVsX2luZGV4JTIyJTIwZnVlbC1pbmRleCUzRCUyMjE3LjMwJTIyJTNFJTBBJTNDdGQlM0U4LjYwMCUzQyUyRnRkJTNFJTBBJTNDdGQlM0U4Ljc5OSUzQyUyRnRkJTNFJTBBJTNDdGQlM0UxNy4zMCUyNSUzQyUyRnRkJTNFJTBBJTNDJTJGdHIlM0UlMEElM0N0ciUyMGNsYXNzJTNEJTIyZnVlbF9pbmRleCUyMiUyMGZ1ZWwtaW5kZXglM0QlMjIxOC4yMCUyMiUzRSUwQSUzQ3RkJTNFOC44MDAlM0MlMkZ0ZCUzRSUwQSUzQ3RkJTNFOC45OTklM0MlMkZ0ZCUzRSUwQSUzQ3RkJTNFMTguMjAlMjUlM0MlMkZ0ZCUzRSUwQSUzQyUyRnRyJTNFJTBBJTNDdHIlMjBjbGFzcyUzRCUyMmZ1ZWxfaW5kZXglMjIlMjBmdWVsLWluZGV4JTNEJTIyMTkuMTAlMjIlM0UlMEElM0N0ZCUzRTkuMDAwJTNDJTJGdGQlM0UlMEElM0N0ZCUzRTkuMTk5JTNDJTJGdGQlM0UlMEElM0N0ZCUzRTE5LjEwJTI1JTNDJTJGdGQlM0UlMEElM0MlMkZ0ciUzRSUwQSUzQ3RyJTIwY2xhc3MlM0QlMjJmdWVsX2luZGV4JTIyJTIwZnVlbC1pbmRleCUzRCUyMjIwLjAwJTIyJTNFJTBBJTNDdGQlM0U5LjIwMCUzQyUyRnRkJTNFJTBBJTNDdGQlM0U5LjM5OSUzQyUyRnRkJTNFJTBBJTNDdGQlM0UyMC4wMCUyNSUzQyUyRnRkJTNFJTBBJTNDJTJGdHIlM0UlMEElM0N0ciUyMGNsYXNzJTNEJTIyZnVlbF9pbmRleCUyMiUyMGZ1ZWwtaW5kZXglM0QlMjIyMC45MCUyMiUzRSUwQSUzQ3RkJTNFOS40MDAlM0MlMkZ0ZCUzRSUwQSUzQ3RkJTNFOS41OTklM0MlMkZ0ZCUzRSUwQSUzQ3RkJTNFMjAuOTAlMjUlM0MlMkZ0ZCUzRSUwQSUzQyUyRnRyJTNFJTBBJTNDdHIlMjBjbGFzcyUzRCUyMmZ1ZWxfaW5kZXglMjIlMjBmdWVsLWluZGV4JTNEJTIyMjEuODAlMjIlM0UlMEElM0N0ZCUzRTkuNjAwJTNDJTJGdGQlM0UlMEElM0N0ZCUzRTkuNzk5JTNDJTJGdGQlM0UlMEElM0N0ZCUzRTIxLjgwJTI1JTNDJTJGdGQlM0UlMEElM0MlMkZ0ciUzRSUwQSUzQ3RyJTIwY2xhc3MlM0QlMjJmdWVsX2luZGV4JTIyJTIwZnVlbC1pbmRleCUzRCUyMjIyLjcwJTIyJTNFJTBBJTNDdGQlM0U5LjgwMCUzQyUyRnRkJTNFJTBBJTNDdGQlM0U5Ljk5OSUzQyUyRnRkJTNFJTBBJTNDdGQlM0UyMi43MCUyNSUzQyUyRnRkJTNFJTBBJTNDJTJGdHIlM0UlMEElM0N0ciUyMGNsYXNzJTNEJTIyZnVlbF9pbmRleCUyMiUyMGZ1ZWwtaW5kZXglM0QlMjIyMy42MCUyMiUzRSUwQSUzQ3RkJTNFMTAuMDAwJTNDJTJGdGQlM0UlMEElM0N0ZCUzRTEwLjE5OSUzQyUyRnRkJTNFJTBBJTNDdGQlM0UyMy42MCUyNSUzQyUyRnRkJTNFJTBBJTNDJTJGdHIlM0UlMEElM0MlMkZ0Ym9keSUzRSUwQSUzQyUyRnRhYmxlJTNF[\/vc_raw_html][vc_column_text]<\/p>\n<p class=\"kt-adv-heading16602_cc4e6e-af wp-block-kadence-advancedheading has-kb-palette-2-color has-text-color\" data-kb-block=\"kb-adv-heading16602_cc4e6e-af\"><strong><span class=\"TextRun SCXW265429314 BCX0\" lang=\"RO-RO\" xml:lang=\"RO-RO\" data-contrast=\"auto\"><span class=\"NormalTextRun SpellingErrorV2Themed SCXW265429314 BCX0\">Op\u0142ata<\/span> <span class=\"NormalTextRun SpellingErrorV2Themed SCXW265429314 BCX0\">Paliwowa<\/span><span class=\"NormalTextRun SCXW265429314 BCX0\">:<\/span><\/span><\/strong><\/p>\n<p>\u2022 b\u0119dzie aktualizowana w pierwszych 3 dniach roboczych miesi\u0105ca i b\u0119dzie wa\u017cna do ko\u0144ca miesi\u0105ca<br \/>\n\u2022 dotyczy stawek krajowych i mi\u0119dzynarodowych us\u0142ug kurierskich i transportowych zawartych w li\u015bcie podstawowych stawek stosowanych zgodnie z odpowiedni\u0105 umow\u0105 lub ofert\u0105 handlow\u0105, jak r\u00f3wnie\u017c wszystkich us\u0142ug warto\u015bci dodanej wymienionych w odpowiedniej umowie i\/lub obowi\u0105zuj\u0105cej ofercie handlowej, z wyj\u0105tkiem: us\u0142ugi p\u0142atno\u015bci za pobraniem, us\u0142ugi warto\u015bci zadeklarowanej, r\u0119cznego wype\u0142niania AWB, otwierania paczki przy dostawie.[\/vc_column_text][\/vc_column][\/vc_row]<\/p>\n","protected":false},"excerpt":{"rendered":"<p>[vc_row el_class=&#8221;index_fuel&#8221;][vc_column][vc_column_text]Cargus stosuje op\u0142at\u0119 paliwow\u0105, kt\u00f3ra jest ustalana na podstawie \u015bredniej ceny oleju nap\u0119dowego w poprzednim miesi\u0105cu, zgodnie z witryn\u0105 https:\/\/www.peco-online.ro\/istoric.php i poni\u017csz\u0105 tabel\u0105. \u015arednia cena oleju nap\u0119dowego za \u00a0wynosi\u0142a: RON (bez VAT)\u00a0 Odpowiednia op\u0142ata paliwowa za \u00a0wynosi: %\u00a0 [\/vc_column_text][vc_raw_html]JTNDc3R5bGUlM0UlMEF0YWJsZS5pbmRleC1jb21idXNpdGJpbCUyMHRkJTdCJTBBJTIwJTIwYm9yZGVyLWJvdHRvbSUzQSUyMDFweCUyMHNvbGlkJTIwJTIzZGRkJTNCJTBBJTIwJTIwJTIwJTIwcGFkZGluZyUzQSUyMDEwcHglM0IlMEElN0QlMEElMEF0YWJsZS5pbmRleC1jb21idXNpdGJpbCUyMHRyJTNBbGFzdC1jaGlsZCUyMHRkJTdCJTBBJTIwJTIwYm9yZGVyLWJvdHRvbSUzQSUyMG5vbmUlM0IlMEElN0QlMEEudHJtZF9ib2xkJTIwdGQlMjAlN0IlMEElMjAlMjBmb250LXdlaWdodCUzQSUyMDcwMCUzQiUwQSU3RCUwQSU0MG1lZGlhJTIwJTI4bWF4LXdpZHRoJTNBJTIwNzY4cHglMjklMjAlN0IlMEElMjB0YWJsZS5pbmRleC1jb21idXNpdGJpbCUyMCU3QiUwQSUyMCUyMCUyMGRpc3BsYXklM0ElMjBibG9jayUzQiUwQSUyMCUyMCUyMCUyMG92ZXJmbG93LXglM0ElMjBhdXRvJTNCJTBBJTIwJTIwJTdEJTBBJTdEJTBBJTNDJTJGc3R5bGUlM0UlMEElM0NzY3JpcHQlM0UlMEFqUXVlcnklMjhkb2N1bWVudCUyOS5yZWFkeSUyOGZ1bmN0aW9uJTI4JTI0JTI5JTdCJTBBbGV0JTIwZnVlbF9pbmRleCUyMCUzRCUyMCUyNCUyOCUyN3RhYmxlLmluZGV4LWNvbWJ1c2l0YmlsJTI3JTI5LmF0dHIlMjglMjdmdWVsLWluZGV4LXZhbHVlJTI3JTI5JTNCJTBBJTI0JTI4JTI3dHIuZnVlbF9pbmRleCUyNyUyOS5lYWNoJTI4ZnVuY3Rpb24lMjglMjklN0IlMEElMjAlMjBpZiUyOCUyNCUyOHRoaXMlMjkuYXR0ciUyOCUyN2Z1ZWwtaW5kZXglMjclMjklMjAlM0QlM0QlMjBmdWVsX2luZGV4JTI5JTdCJTBBJTIwJTIwJTIwJTIwJTI0JTI4dGhpcyUyOS5hZGRDbGFzcyUyOCUyN3RybWRfYm9sZCUyNyUyOSUzQiUwQSUyMCUyMCU3RGVsc2UlN0IlMEElMjAlMjAlMjAlMjAlMjQlMjh0aGlzJTI5LnJlbW92ZUNsYXNzJTI4JTI3dHJtZF9ib2xkJTI3JTI5JTNCJTBBJTIwJTIwJTdEJTBBJTdEJTI5JTNCJTBBJTdEJTI5JTNCJTBBJTNDJTJGc2NyaXB0JTNFJTBBJTNDdGFibGUlMjBjbGFzcyUzRCUyN2luZGV4LWNvbWJ1c2l0YmlsJTI3JTIwc3R5bGUlM0QlMjJmb250LXdlaWdodCUzQSUyMDQwMCUzQiUyMHdpZHRoJTNBMTAwJTI1JTNCJTIwYm9yZGVyJTNBMXB4JTIwc29saWQlMjAlMjNkZGQlM0IlMjBib3JkZXItcmFkaXVzJTNBOHB4JTNCJTIyJTIwZnVlbC1pbmRleC12YWx1ZSUzRCU1QmdldF9mdWVsX2luZGV4JTVEJTNFJTBBJTNDdGJvZHklM0UlMEElM0N0ciUzRSUwQSUzQ3RkJTIwY29sc3BhbiUzRCUyMjMlMjIlM0UlM0NzdHJvbmclM0VQcnplZHppYSVDNSU4MiUyMCVDNSU5QnJlZG5pZWolMjBjZW55JTIwb2xlanUlMjBuYXAlQzQlOTlkb3dlZ28lMjAlMjhiZXolMjBWQVQlMjklM0MlMkZzdHJvbmclM0UlM0MlMkZ0ZCUzRSUwQSUzQyUyRnRyJTNFJTBBJTNDdHIlM0UlMEElM0N0ZCUyMHdpZHRoJTNEJTIyMjUlMjUlMjIlM0UlM0NzdHJvbmclM0VPZCUzQyUyRnN0cm9uZyUzRSUzQyUyRnRkJTNFJTBBJTNDdGQlMjB3aWR0aCUzRCUyMjI1JTI1JTIyJTNFJTNDc3Ryb25nJTNFRG8lM0MlMkZzdHJvbmclM0UlM0MlMkZ0ZCUzRSUwQSUzQ3RkJTIwd2lkdGglM0QlMjI1MCUyNSUyMiUzRSUzQ3N0cm9uZyUzRU9wJUM1JTgyYXRhJTIwcGFsaXdvd2ElMjBvYmNpJUM0JTg1JUM1JUJDYWolQzQlODVjYSUyMGtsaWVudGElMjAlMjhGU0MlMjklM0MlMkZzdHJvbmclM0UlM0MlMkZ0ZCUzRSUwQSUzQyUyRnRyJTNFJTBBJTNDdHIlMjBjbGFzcyUzRCUyMmZ1ZWxfaW5kZXglMjIlMjBmdWVsLWluZGV4JTNEJTIyMC44MCUyMiUzRSUwQSUzQ3RkJTNFMC4wMDAlM0MlMkZ0ZCUzRSUwQSUzQ3RkJTNFMy45OTklM0MlMkZ0ZCUzRSUwQSUzQ3RkJTNFMC44MCUyNSUzQyUyRnRkJTNFJTBBJTNDJTJGdHIlM0UlMEElM0N0ciUyMGNsYXNzJTNEJTIyZnVlbF9pbmRleCUyMiUyMGZ1ZWwtaW5kZXglM0QlMjIxLjAwJTIyJTNFJTBBJTNDdGQlM0U0LjAwMCUzQyUyRnRkJTNFJTBBJTNDdGQlM0U0LjE5OSUzQyUyRnRkJTNFJTBBJTNDdGQlM0UxLjAwJTI1JTNDJTJGdGQlM0UlMEElM0MlMkZ0ciUzRSUwQSUzQ3RyJTIwY2xhc3MlM0QlMjJmdWVsX2luZGV4JTIyJTIwZnVlbC1pbmRleCUzRCUyMjEuMjAlMjIlM0UlMEElM0N0ZCUzRTQuMjAwJTNDJTJGdGQlM0UlMEElM0N0ZCUzRTQuMzk5JTNDJTJGdGQlM0UlMEElM0N0ZCUzRTEuMjAlMjUlM0MlMkZ0ZCUzRSUwQSUzQyUyRnRyJTNFJTBBJTNDdHIlMjBjbGFzcyUzRCUyMmZ1ZWxfaW5kZXglMjIlMjBmdWVsLWluZGV4JTNEJTIyMS40MCUyMiUzRSUwQSUzQ3RkJTNFNC40MDAlM0MlMkZ0ZCUzRSUwQSUzQ3RkJTNFNC41OTklM0MlMkZ0ZCUzRSUwQSUzQ3RkJTNFMS40MCUyNSUzQyUyRnRkJTNFJTBBJTNDJTJGdHIlM0UlMEElM0N0ciUyMGNsYXNzJTNEJTIyZnVlbF9pbmRleCUyMiUyMGZ1ZWwtaW5kZXglM0QlMjIxLjYwJTIyJTNFJTBBJTNDdGQlM0U0LjYwMCUzQyUyRnRkJTNFJTBBJTNDdGQlM0U0Ljc5OSUzQyUyRnRkJTNFJTBBJTNDdGQlM0UxLjYwJTI1JTNDJTJGdGQlM0UlMEElM0MlMkZ0ciUzRSUwQSUzQ3RyJTIwY2xhc3MlM0QlMjJmdWVsX2luZGV4JTIyJTIwZnVlbC1pbmRleCUzRCUyMjEuODAlMjIlM0UlMEElM0N0ZCUzRTQuODAwJTNDJTJGdGQlM0UlMEElM0N0ZCUzRTQuOTk5JTNDJTJGdGQlM0UlMEElM0N0ZCUzRTEuODAlMjUlM0MlMkZ0ZCUzRSUwQSUzQyUyRnRyJTNFJTBBJTNDdHIlMjBjbGFzcyUzRCUyMmZ1ZWxfaW5kZXglMjIlMjBmdWVsLWluZGV4JTNEJTIyMi4yMCUyMiUzRSUwQSUzQ3RkJTNFNS4wMDAlM0MlMkZ0ZCUzRSUwQSUzQ3RkJTNFNS4xOTklM0MlMkZ0ZCUzRSUwQSUzQ3RkJTNFMi4yMCUyNSUzQyUyRnRkJTNFJTBBJTNDJTJGdHIlM0UlMEElM0N0ciUyMGNsYXNzJTNEJTIyZnVlbF9pbmRleCUyMiUyMGZ1ZWwtaW5kZXglM0QlMjIyLjYwJTIyJTNFJTBBJTNDdGQlM0U1LjIwMCUzQyUyRnRkJTNFJTBBJTNDdGQlM0U1LjM5OSUzQyUyRnRkJTNFJTBBJTNDdGQlM0UyLjYwJTI1JTNDJTJGdGQlM0UlMEElM0MlMkZ0ciUzRSUwQSUzQ3RyJTIwY2xhc3MlM0QlMjJmdWVsX2luZGV4JTIyJTIwZnVlbC1pbmRleCUzRCUyMjMuMDAlMjIlM0UlMEElM0N0ZCUzRTUuNDAwJTNDJTJGdGQlM0UlMEElM0N0ZCUzRTUuNTk5JTNDJTJGdGQlM0UlMEElM0N0ZCUzRTMuMDAlMjUlM0MlMkZ0ZCUzRSUwQSUzQyUyRnRyJTNFJTBBJTNDdHIlMjBjbGFzcyUzRCUyMmZ1ZWxfaW5kZXglMjIlMjBmdWVsLWluZGV4JTNEJTIyMy44MCUyMiUzRSUwQSUzQ3RkJTNFNS42MDAlM0MlMkZ0ZCUzRSUwQSUzQ3RkJTNFNS43OTklM0MlMkZ0ZCUzRSUwQSUzQ3RkJTNFMy44MCUyNSUzQyUyRnRkJTNFJTBBJTNDJTJGdHIlM0UlMEElM0N0ciUyMGNsYXNzJTNEJTIyZnVlbF9pbmRleCUyMiUyMGZ1ZWwtaW5kZXglM0QlMjI0LjcwJTIyJTNFJTBBJTNDdGQlM0U1LjgwMCUzQyUyRnRkJTNFJTBBJTNDdGQlM0U1Ljk5OSUzQyUyRnRkJTNFJTBBJTNDdGQlM0U0LjcwJTI1JTNDJTJGdGQlM0UlMEElM0MlMkZ0ciUzRSUwQSUzQ3RyJTIwY2xhc3MlM0QlMjJmdWVsX2luZGV4JTIyJTIwZnVlbC1pbmRleCUzRCUyMjUuNjAlMjIlM0UlMEElM0N0ZCUzRTYuMDAwJTNDJTJGdGQlM0UlMEElM0N0ZCUzRTYuMTk5JTNDJTJGdGQlM0UlMEElM0N0ZCUzRTUuNjAlMjUlM0MlMkZ0ZCUzRSUwQSUzQyUyRnRyJTNFJTBBJTNDdHIlMjBjbGFzcyUzRCUyMmZ1ZWxfaW5kZXglMjIlMjBmdWVsLWluZGV4JTNEJTIyNi41MCUyMiUzRSUwQSUzQ3RkJTNFNi4yMDAlM0MlMkZ0ZCUzRSUwQSUzQ3RkJTNFNi4zOTklM0MlMkZ0ZCUzRSUwQSUzQ3RkJTNFNi41MCUyNSUzQyUyRnRkJTNFJTBBJTNDJTJGdHIlM0UlMEElM0N0ciUyMGNsYXNzJTNEJTIyZnVlbF9pbmRleCUyMiUyMGZ1ZWwtaW5kZXglM0QlMjI3LjQwJTIyJTNFJTBBJTNDdGQlM0U2LjQwMCUzQyUyRnRkJTNFJTBBJTNDdGQlM0U2LjU5OSUzQyUyRnRkJTNFJTBBJTNDdGQlM0U3LjQwJTI1JTNDJTJGdGQlM0UlMEElM0MlMkZ0ciUzRSUwQSUzQ3RyJTIwY2xhc3MlM0QlMjJmdWVsX2luZGV4JTIyJTIwZnVlbC1pbmRleCUzRCUyMjguMzAlMjIlM0UlMEElM0N0ZCUzRTYuNjAwJTNDJTJGdGQlM0UlMEElM0N0ZCUzRTYuNzk5JTNDJTJGdGQlM0UlMEElM0N0ZCUzRTguMzAlMjUlM0MlMkZ0ZCUzRSUwQSUzQyUyRnRyJTNFJTBBJTNDdHIlMjBjbGFzcyUzRCUyMmZ1ZWxfaW5kZXglMjIlMjBmdWVsLWluZGV4JTNEJTIyOS4yMCUyMiUzRSUwQSUzQ3RkJTNFNi44MDAlM0MlMkZ0ZCUzRSUwQSUzQ3RkJTNFNi45OTklM0MlMkZ0ZCUzRSUwQSUzQ3RkJTNFOS4yMCUyNSUzQyUyRnRkJTNFJTBBJTNDJTJGdHIlM0UlMEElM0N0ciUyMGNsYXNzJTNEJTIyZnVlbF9pbmRleCUyMiUyMGZ1ZWwtaW5kZXglM0QlMjIxMC4xMCUyMiUzRSUwQSUzQ3RkJTNFNy4wMDAlM0MlMkZ0ZCUzRSUwQSUzQ3RkJTNFNy4xOTklM0MlMkZ0ZCUzRSUwQSUzQ3RkJTNFMTAuMTAlMjUlM0MlMkZ0ZCUzRSUwQSUzQyUyRnRyJTNFJTBBJTNDdHIlMjBjbGFzcyUzRCUyMmZ1ZWxfaW5kZXglMjIlMjBmdWVsLWluZGV4JTNEJTIyMTEuMDAlMjIlM0UlMEElM0N0ZCUzRTcuMjAwJTNDJTJGdGQlM0UlMEElM0N0ZCUzRTcuMzk5JTNDJTJGdGQlM0UlMEElM0N0ZCUzRTExLjAwJTI1JTNDJTJGdGQlM0UlMEElM0MlMkZ0ciUzRSUwQSUzQ3RyJTIwY2xhc3MlM0QlMjJmdWVsX2luZGV4JTIyJTIwZnVlbC1pbmRleCUzRCUyMjExLjkwJTIyJTNFJTBBJTNDdGQlM0U3LjQwMCUzQyUyRnRkJTNFJTBBJTNDdGQlM0U3LjU5OSUzQyUyRnRkJTNFJTBBJTNDdGQlM0UxMS45MCUyNSUzQyUyRnRkJTNFJTBBJTNDJTJGdHIlM0UlMEElM0N0ciUyMGNsYXNzJTNEJTIyZnVlbF9pbmRleCUyMiUyMGZ1ZWwtaW5kZXglM0QlMjIxMi44MCUyMiUzRSUwQSUzQ3RkJTNFNy42MDAlM0MlMkZ0ZCUzRSUwQSUzQ3RkJTNFNy43OTklM0MlMkZ0ZCUzRSUwQSUzQ3RkJTNFMTIuODAlMjUlM0MlMkZ0ZCUzRSUwQSUzQyUyRnRyJTNFJTBBJTNDdHIlMjBjbGFzcyUzRCUyMmZ1ZWxfaW5kZXglMjIlMjBmdWVsLWluZGV4JTNEJTIyMTMuNzAlMjIlM0UlMEElM0N0ZCUzRTcuODAwJTNDJTJGdGQlM0UlMEElM0N0ZCUzRTcuOTk5JTNDJTJGdGQlM0UlMEElM0N0ZCUzRTEzLjcwJTI1JTNDJTJGdGQlM0UlMEElM0MlMkZ0ciUzRSUwQSUzQ3RyJTIwY2xhc3MlM0QlMjJmdWVsX2luZGV4JTIyJTIwZnVlbC1pbmRleCUzRCUyMjE0LjYwJTIyJTNFJTBBJTNDdGQlM0U4LjAwMCUzQyUyRnRkJTNFJTBBJTNDdGQlM0U4LjE5OSUzQyUyRnRkJTNFJTBBJTNDdGQlM0UxNC42MCUyNSUzQyUyRnRkJTNFJTBBJTNDJTJGdHIlM0UlMEElM0N0ciUyMGNsYXNzJTNEJTIyZnVlbF9pbmRleCUyMiUyMGZ1ZWwtaW5kZXglM0QlMjIxNS41MCUyMiUzRSUwQSUzQ3RkJTNFOC4yMDAlM0MlMkZ0ZCUzRSUwQSUzQ3RkJTNFOC4zOTklM0MlMkZ0ZCUzRSUwQSUzQ3RkJTNFMTUuNTAlMjUlM0MlMkZ0ZCUzRSUwQSUzQyUyRnRyJTNFJTBBJTNDdHIlMjBjbGFzcyUzRCUyMmZ1ZWxfaW5kZXglMjIlMjBmdWVsLWluZGV4JTNEJTIyMTYuNDAlMjIlM0UlMEElM0N0ZCUzRTguNDAwJTNDJTJGdGQlM0UlMEElM0N0ZCUzRTguNTk5JTNDJTJGdGQlM0UlMEElM0N0ZCUzRTE2LjQwJTI1JTNDJTJGdGQlM0UlMEElM0MlMkZ0ciUzRSUwQSUzQ3RyJTIwY2xhc3MlM0QlMjJmdWVsX2luZGV4JTIyJTIwZnVlbC1pbmRleCUzRCUyMjE3LjMwJTIyJTNFJTBBJTNDdGQlM0U4LjYwMCUzQyUyRnRkJTNFJTBBJTNDdGQlM0U4Ljc5OSUzQyUyRnRkJTNFJTBBJTNDdGQlM0UxNy4zMCUyNSUzQyUyRnRkJTNFJTBBJTNDJTJGdHIlM0UlMEElM0N0ciUyMGNsYXNzJTNEJTIyZnVlbF9pbmRleCUyMiUyMGZ1ZWwtaW5kZXglM0QlMjIxOC4yMCUyMiUzRSUwQSUzQ3RkJTNFOC44MDAlM0MlMkZ0ZCUzRSUwQSUzQ3RkJTNFOC45OTklM0MlMkZ0ZCUzRSUwQSUzQ3RkJTNFMTguMjAlMjUlM0MlMkZ0ZCUzRSUwQSUzQyUyRnRyJTNFJTBBJTNDdHIlMjBjbGFzcyUzRCUyMmZ1ZWxfaW5kZXglMjIlMjBmdWVsLWluZGV4JTNEJTIyMTkuMTAlMjIlM0UlMEElM0N0ZCUzRTkuMDAwJTNDJTJGdGQlM0UlMEElM0N0ZCUzRTkuMTk5JTNDJTJGdGQlM0UlMEElM0N0ZCUzRTE5LjEwJTI1JTNDJTJGdGQlM0UlMEElM0MlMkZ0ciUzRSUwQSUzQ3RyJTIwY2xhc3MlM0QlMjJmdWVsX2luZGV4JTIyJTIwZnVlbC1pbmRleCUzRCUyMjIwLjAwJTIyJTNFJTBBJTNDdGQlM0U5LjIwMCUzQyUyRnRkJTNFJTBBJTNDdGQlM0U5LjM5OSUzQyUyRnRkJTNFJTBBJTNDdGQlM0UyMC4wMCUyNSUzQyUyRnRkJTNFJTBBJTNDJTJGdHIlM0UlMEElM0N0ciUyMGNsYXNzJTNEJTIyZnVlbF9pbmRleCUyMiUyMGZ1ZWwtaW5kZXglM0QlMjIyMC45MCUyMiUzRSUwQSUzQ3RkJTNFOS40MDAlM0MlMkZ0ZCUzRSUwQSUzQ3RkJTNFOS41OTklM0MlMkZ0ZCUzRSUwQSUzQ3RkJTNFMjAuOTAlMjUlM0MlMkZ0ZCUzRSUwQSUzQyUyRnRyJTNFJTBBJTNDdHIlMjBjbGFzcyUzRCUyMmZ1ZWxfaW5kZXglMjIlMjBmdWVsLWluZGV4JTNEJTIyMjEuODAlMjIlM0UlMEElM0N0ZCUzRTkuNjAwJTNDJTJGdGQlM0UlMEElM0N0ZCUzRTkuNzk5JTNDJTJGdGQlM0UlMEElM0N0ZCUzRTIxLjgwJTI1JTNDJTJGdGQlM0UlMEElM0MlMkZ0ciUzRSUwQSUzQ3RyJTIwY2xhc3MlM0QlMjJmdWVsX2luZGV4JTIyJTIwZnVlbC1pbmRleCUzRCUyMjIyLjcwJTIyJTNFJTBBJTNDdGQlM0U5LjgwMCUzQyUyRnRkJTNFJTBBJTNDdGQlM0U5Ljk5OSUzQyUyRnRkJTNFJTBBJTNDdGQlM0UyMi43MCUyNSUzQyUyRnRkJTNFJTBBJTNDJTJGdHIlM0UlMEElM0N0ciUyMGNsYXNzJTNEJTIyZnVlbF9pbmRleCUyMiUyMGZ1ZWwtaW5kZXglM0QlMjIyMy42MCUyMiUzRSUwQSUzQ3RkJTNFMTAuMDAwJTNDJTJGdGQlM0UlMEElM0N0ZCUzRTEwLjE5OSUzQyUyRnRkJTNFJTBBJTNDdGQlM0UyMy42MCUyNSUzQyUyRnRkJTNFJTBBJTNDJTJGdHIlM0UlMEElM0MlMkZ0Ym9keSUzRSUwQSUzQyUyRnRhYmxlJTNF[\/vc_raw_html][vc_column_text] Op\u0142ata Paliwowa: \u2022 b\u0119dzie aktualizowana w pierwszych 3 dniach roboczych miesi\u0105ca i b\u0119dzie wa\u017cna do [&hellip;]<\/p>\n","protected":false},"author":32,"featured_media":0,"parent":0,"menu_order":0,"comment_status":"closed","ping_status":"closed","template":"","meta":{"footnotes":""},"class_list":["post-1009","page","type-page","status-publish","hentry"],"_links":{"self":[{"href":"https:\/\/www.cargus.ro\/pl\/wp-json\/wp\/v2\/pages\/1009","targetHints":{"allow":["GET"]}}],"collection":[{"href":"https:\/\/www.cargus.ro\/pl\/wp-json\/wp\/v2\/pages"}],"about":[{"href":"https:\/\/www.cargus.ro\/pl\/wp-json\/wp\/v2\/types\/page"}],"author":[{"embeddable":true,"href":"https:\/\/www.cargus.ro\/pl\/wp-json\/wp\/v2\/users\/32"}],"replies":[{"embeddable":true,"href":"https:\/\/www.cargus.ro\/pl\/wp-json\/wp\/v2\/comments?post=1009"}],"version-history":[{"count":24,"href":"https:\/\/www.cargus.ro\/pl\/wp-json\/wp\/v2\/pages\/1009\/revisions"}],"predecessor-version":[{"id":1062,"href":"https:\/\/www.cargus.ro\/pl\/wp-json\/wp\/v2\/pages\/1009\/revisions\/1062"}],"wp:attachment":[{"href":"https:\/\/www.cargus.ro\/pl\/wp-json\/wp\/v2\/media?parent=1009"}],"curies":[{"name":"wp","href":"https:\/\/api.w.org\/{rel}","templated":true}]}}